{"id":6737,"date":"2023-07-19T17:55:10","date_gmt":"2023-07-19T14:55:10","guid":{"rendered":"https:\/\/gnhrafsistemleri.com\/?page_id=6737"},"modified":"2023-07-19T17:58:38","modified_gmt":"2023-07-19T14:58:38","slug":"kurumsal","status":"publish","type":"page","link":"https:\/\/www.gnhrafsistemleri.com\/index.php\/kurumsal\/","title":{"rendered":"Kurumsal"},"content":{"rendered":"\t\t<div data-elementor-type=\"wp-page\" data-elementor-id=\"6737\" class=\"elementor elementor-6737\">\n\t\t\t\t\t\t\t\t\t<section class=\"elementor-section elementor-top-section elementor-element elementor-element-2df48e9 elementor-section-boxed elementor-section-height-default elementor-section-height-default\" data-id=\"2df48e9\" data-element_type=\"section\">\n\t\t\t\t\t\t<div class=\"elementor-container elementor-column-gap-default\">\n\t\t\t\t\t<div class=\"elementor-column elementor-col-100 elementor-top-column elementor-element elementor-element-9c8a6ef\" data-id=\"9c8a6ef\" data-element_type=\"column\">\n\t\t\t<div class=\"elementor-widget-wrap elementor-element-populated\">\n\t\t\t\t\t\t\t\t<div class=\"elementor-element elementor-element-02bf2c9 elementor-widget elementor-widget-text-editor\" data-id=\"02bf2c9\" data-element_type=\"widget\" data-widget_type=\"text-editor.default\">\n\t\t\t\t<div class=\"elementor-widget-container\">\n\t\t\t<style>\/*! elementor - v3.14.0 - 26-06-2023 *\/\n.elementor-widget-text-editor.elementor-drop-cap-view-stacked .elementor-drop-cap{background-color:#69727d;color:#fff}.elementor-widget-text-editor.elementor-drop-cap-view-framed .elementor-drop-cap{color:#69727d;border:3px solid;background-color:transparent}.elementor-widget-text-editor:not(.elementor-drop-cap-view-default) .elementor-drop-cap{margin-top:8px}.elementor-widget-text-editor:not(.elementor-drop-cap-view-default) .elementor-drop-cap-letter{width:1em;height:1em}.elementor-widget-text-editor .elementor-drop-cap{float:left;text-align:center;line-height:1;font-size:50px}.elementor-widget-text-editor .elementor-drop-cap-letter{display:inline-block}<\/style>\t\t\t\t<p style=\"text-align: justify;\">2008 y\u0131l\u0131nda Ankara\u2019da kurulmu\u015f olan Kelvin Teknik Makine San. ve Tic. Ltd. \u015eti kuruldu\u011funda, Is\u0131tma So\u011futma ve Havaland\u0131rma alan\u0131nda faaliyet g\u00f6stermi\u015f, ilerleyen zaman i\u00e7inde d\u00fc\u015f\u00fck bas\u0131n\u00e7l\u0131 Zirai \u0130la\u00e7lama Makineleri \u00fcretimi, pazarlamas\u0131 ve sat\u0131\u015f sonras\u0131 hizmetlerini uzman kadrosu, alt yap\u0131s\u0131yla tasar\u0131m, \u00fcretim ve montaj i\u015flerini kendi ekip ve ekipmanlar\u0131 ile T\u00fcrkiye ve D\u00fcnya\u2019n\u0131n her yerinde ger\u00e7ekle\u015ftirmektedir. Bu ba\u015far\u0131lar\u0131n\u0131 ve sistemli \u00e7al\u0131\u015fmalar\u0131n\u0131 Raf Sistemleri alan\u0131nda da \u00f6n plana \u00e7\u0131kartmak i\u00e7in, benimsedi\u011fi ilkeler do\u011frultusunda \u00e7al\u0131\u015fmalar\u0131na devam edecektir. \u0130\u015fimizde en \u00f6nemli ilkelerimiz kalite, titiz i\u015f\u00e7ilik, h\u0131zl\u0131 ve zaman\u0131ndan \u00f6nce montaj olacakt\u0131r. GNH Raf Sistemleri her \u015feyden \u00f6nce m\u00fc\u015fteri memnuniyetini hedef alm\u0131\u015ft\u0131r. A\u011f\u0131r orta ve hafif hizmet raflar\u0131, \u00e7elik raflar, market raflar\u0131, standlar, \u00e7elik dolaplar, kaplama raf sistemleri, \u00f6zel tasar\u0131m hizmetleri firmam\u0131z\u0131n ba\u015fl\u0131ca hizmet alanlar\u0131d\u0131r. Kaliteli hizmet, uygun fiyat ve profesyonel ekibimizle siz m\u00fc\u015fterilerimizin isteklerini kar\u015f\u0131lamaya devam edecektir. Uzman ve dinamik ekibiyle tasar\u0131mdan \u00fcretime, \u00fcretimden montaja ve montaj sonras\u0131 servis hizmetlerini kapsayan zincirin t\u00fcm halkalar\u0131n\u0131 eksiksiz sa\u011flayan \u00e7al\u0131\u015fma yelpazesiyle m\u00fc\u015fteri memnuniyetine odaklanan \u00e7\u00f6z\u00fcm ortaklar\u0131m\u0131z GNH Raf Sistemleri kalitesini her ge\u00e7en g\u00fcn daha \u00fcst seviyelere ta\u015f\u0131yacakt\u0131r.<\/p><p style=\"text-align: justify;\"><strong>V\u0130ZYONUMUZ<\/strong><\/p><p style=\"text-align: justify;\">Firmam\u0131z \u00f6nce g\u00fcven ilkesinden yola \u00e7\u0131karak, m\u00fc\u015fterilerine daima kaliteli malzeme sunup, hizmet vermeyi ama\u00e7 ve ilke edinmi\u015ftir. Kalite standartlar\u0131n\u0131 artt\u0131rmak, bilim ve teknolojinin \u0131\u015f\u0131k tuttu\u011fu \u00e7a\u011fda\u015f i\u015f ya\u015fam\u0131nda, sekt\u00f6r\u00fcn\u00fcn en iyisi, en h\u0131zl\u0131s\u0131d\u0131r. Bunun i\u00e7in bilim ve teknolojinin getirdi\u011fi yenilikleri yak\u0131ndan takip ederek kendisini s\u00fcrekli yenilemektedir. Sat\u0131\u015fa sundu\u011fu \u00fcr\u00fcnler i\u00e7in, montaj sonras\u0131 yedek par\u00e7a temini gibi hizmetleri ile destekleyerek m\u00fc\u015fteri memnuniyetini daima \u00f6n planda tutmakt\u0131r.<\/p><p style=\"text-align: justify;\"><strong>M\u0130SYONUMUZ<\/strong><\/p><p style=\"text-align: justify;\">De\u011fi\u015fen sosyoekonomik ve k\u00fclt\u00fcrel \u015fartlar do\u011frultusunda ihtiya\u00e7lara cevap verebilecek, \u00e7al\u0131\u015fmalar\u0131 desteklemek ve geli\u015ftirmek. \u0130\u015f\u00e7i sa\u011fl\u0131\u011f\u0131 ve g\u00fcvenli\u011fi ile \u00e7evrenin korunmas\u0131 konular\u0131nda m\u00fckemmelli\u011fi yakalamak i\u00e7in s\u00fcrekli geli\u015fmek. Bug\u00fcn ve gelecekte kurumumuzu s\u00fcrekli kal\u0131c\u0131 ba\u015far\u0131 i\u00e7in prensipli, programl\u0131, ilkeli, sorumlu ve motivasyonu y\u00fckseltecek bir anlay\u0131\u015fla \u00e7al\u0131\u015fanlar\u0131n geli\u015fmelerini desteklemek, i\u015f g\u00fcc\u00fcn\u00fc en \u00fcst seviyede kullanmalar\u0131n\u0131 sa\u011flamak, kat\u0131l\u0131mlar\u0131n\u0131 artt\u0131rmak.<\/p>\t\t\t\t\t\t<\/div>\n\t\t\t\t<\/div>\n\t\t\t\t\t<\/div>\n\t\t<\/div>\n\t\t\t\t\t\t\t<\/div>\n\t\t<\/section>\n\t\t\t\t\t\t\t<\/div>\n\t\t","protected":false},"excerpt":{"rendered":"<p>2008 y\u0131l\u0131nda Ankara\u2019da kurulmu\u015f olan Kelvin Teknik Makine San. ve Tic. Ltd. \u015eti kuruldu\u011funda, Is\u0131tma So\u011futma ve Havaland\u0131rma alan\u0131nda faaliyet g\u00f6stermi\u015f, ilerleyen zaman i\u00e7inde d\u00fc\u015f\u00fck bas\u0131n\u00e7l\u0131 Zirai \u0130la\u00e7lama Makineleri \u00fcretimi, pazarlamas\u0131 ve sat\u0131\u015f sonras\u0131 hizmetlerini uzman kadrosu, alt yap\u0131s\u0131yla tasar\u0131m, \u00fcretim ve montaj i\u015flerini kendi ekip ve ekipmanlar\u0131 ile T\u00fcrkiye ve D\u00fcnya\u2019n\u0131n her yerinde ger\u00e7ekle\u015ftirmektedir. [&hellip;]<\/p>\n","protected":false},"author":1,"featured_media":0,"parent":0,"menu_order":0,"comment_status":"closed","ping_status":"closed","template":"","meta":{"footnotes":""},"class_list":["post-6737","page","type-page","status-publish","hentry"],"_links":{"self":[{"href":"https:\/\/www.gnhrafsistemleri.com\/index.php\/wp-json\/wp\/v2\/pages\/6737","targetHints":{"allow":["GET"]}}],"collection":[{"href":"https:\/\/www.gnhrafsistemleri.com\/index.php\/wp-json\/wp\/v2\/pages"}],"about":[{"href":"https:\/\/www.gnhrafsistemleri.com\/index.php\/wp-json\/wp\/v2\/types\/page"}],"author":[{"embeddable":true,"href":"https:\/\/www.gnhrafsistemleri.com\/index.php\/wp-json\/wp\/v2\/users\/1"}],"replies":[{"embeddable":true,"href":"https:\/\/www.gnhrafsistemleri.com\/index.php\/wp-json\/wp\/v2\/comments?post=6737"}],"version-history":[{"count":4,"href":"https:\/\/www.gnhrafsistemleri.com\/index.php\/wp-json\/wp\/v2\/pages\/6737\/revisions"}],"predecessor-version":[{"id":6741,"href":"https:\/\/www.gnhrafsistemleri.com\/index.php\/wp-json\/wp\/v2\/pages\/6737\/revisions\/6741"}],"wp:attachment":[{"href":"https:\/\/www.gnhrafsistemleri.com\/index.php\/wp-json\/wp\/v2\/media?parent=6737"}],"curies":[{"name":"wp","href":"https:\/\/api.w.org\/{rel}","templated":true}]}}