{"id":6758,"date":"2023-07-19T18:15:25","date_gmt":"2023-07-19T15:15:25","guid":{"rendered":"https:\/\/gnhrafsistemleri.com\/?page_id=6758"},"modified":"2023-07-19T18:53:38","modified_gmt":"2023-07-19T15:53:38","slug":"tel-raf-sistemleri","status":"publish","type":"page","link":"https:\/\/www.gnhrafsistemleri.com\/index.php\/urun-gruplari\/tel-raf-sistemleri\/","title":{"rendered":"Tel Raf Sistemleri"},"content":{"rendered":"\t\t<div data-elementor-type=\"wp-page\" data-elementor-id=\"6758\" class=\"elementor elementor-6758\">\n\t\t\t\t\t\t\t\t\t<section class=\"elementor-section elementor-top-section elementor-element elementor-element-3df3f20 elementor-section-boxed elementor-section-height-default elementor-section-height-default\" data-id=\"3df3f20\" data-element_type=\"section\">\n\t\t\t\t\t\t<div class=\"elementor-container elementor-column-gap-default\">\n\t\t\t\t\t<div class=\"elementor-column elementor-col-100 elementor-top-column elementor-element elementor-element-d59abad\" data-id=\"d59abad\" data-element_type=\"column\">\n\t\t\t<div class=\"elementor-widget-wrap elementor-element-populated\">\n\t\t\t\t\t\t\t\t<div class=\"elementor-element elementor-element-e1c222c elementor-widget elementor-widget-text-editor\" data-id=\"e1c222c\" data-element_type=\"widget\" data-widget_type=\"text-editor.default\">\n\t\t\t\t<div class=\"elementor-widget-container\">\n\t\t\t<style>\/*! elementor - v3.14.0 - 26-06-2023 *\/\n.elementor-widget-text-editor.elementor-drop-cap-view-stacked .elementor-drop-cap{background-color:#69727d;color:#fff}.elementor-widget-text-editor.elementor-drop-cap-view-framed .elementor-drop-cap{color:#69727d;border:3px solid;background-color:transparent}.elementor-widget-text-editor:not(.elementor-drop-cap-view-default) .elementor-drop-cap{margin-top:8px}.elementor-widget-text-editor:not(.elementor-drop-cap-view-default) .elementor-drop-cap-letter{width:1em;height:1em}.elementor-widget-text-editor .elementor-drop-cap{float:left;text-align:center;line-height:1;font-size:50px}.elementor-widget-text-editor .elementor-drop-cap-letter{display:inline-block}<\/style>\t\t\t\t<p><img loading=\"lazy\" decoding=\"async\" class=\"size-medium wp-image-6815 alignleft\" src=\"https:\/\/gnhrafsistemleri.com\/wp-content\/uploads\/2023\/07\/Paslanmaz-Telli-Raf-Sistemleri-2-680x350-1-300x154.jpeg\" alt=\"\" width=\"300\" height=\"154\" srcset=\"https:\/\/www.gnhrafsistemleri.com\/wp-content\/uploads\/2023\/07\/Paslanmaz-Telli-Raf-Sistemleri-2-680x350-1-300x154.jpeg 300w, https:\/\/www.gnhrafsistemleri.com\/wp-content\/uploads\/2023\/07\/Paslanmaz-Telli-Raf-Sistemleri-2-680x350-1.jpeg 680w\" sizes=\"auto, (max-width: 300px) 100vw, 300px\" \/>* Tamam\u0131 304 Kalite Cr-Ni paslanmaz \u00e7elik transmisyon telden imal edilmektedir.<\/p><p>* Parlak y\u00fczeyler i\u00e7in elektropolisaj yap\u0131lm\u0131\u015ft\u0131r.<\/p><p>*Raflar dikmeleri ile demonte \u015fekilde haz\u0131rlanm\u0131\u015f olup kurulumda raf y\u00fckseklikleri 10cm arayla istenilen y\u00fckseklikte ayarlanabilir.<\/p><p>*Opsiyonel olarak 360 derece d\u00f6nebilen, 2\u2019si frenli 2\u2019si frensiz 4 adet teker ilave edilebilmektedir.<\/p><p>*Raflar\u0131n maksimum y\u00fck kapasite 150 Kg (+-%10) ta\u015f\u0131r iste\u011fe ba\u011fl\u0131 olarak 200 Kg kapasiteli raflar haz\u0131rlan\u0131labilmektedir.<\/p><p>*Talebe g\u00f6re 201 kalite paslanmaz \u00e7elik \u015faseden \u00fcretilebilmektedir.<\/p><p>*\u0130ste\u011fe ba\u011fl\u0131 olarak istenildi\u011fi kadar raf eklenilerek ve \u00e7\u0131kart\u0131larak haz\u0131rlanabilmektedir.<\/p><p>*Yap\u0131s\u0131 gere\u011fi hava sirk\u00fclasyonu sa\u011flanmas\u0131na elveri\u015fli yap\u0131ya sahiptir.<\/p><p>*Birden fazla raf birbirine ek par\u00e7alar birle\u015ftirilebilir.<\/p><p>*Raf Say\u0131s\u0131 \u2013 Tampon \u2013 Teker \u2013 V.b aksesuarlar eklenilebilmektedir.<\/p>\t\t\t\t\t\t<\/div>\n\t\t\t\t<\/div>\n\t\t\t\t\t<\/div>\n\t\t<\/div>\n\t\t\t\t\t\t\t<\/div>\n\t\t<\/section>\n\t\t\t\t<section class=\"elementor-section elementor-top-section elementor-element elementor-element-03ddbbb elementor-section-boxed elementor-section-height-default elementor-section-height-default\" data-id=\"03ddbbb\" data-element_type=\"section\">\n\t\t\t\t\t\t<div class=\"elementor-container elementor-column-gap-default\">\n\t\t\t\t\t<div class=\"elementor-column elementor-col-100 elementor-top-column elementor-element elementor-element-26bc512\" data-id=\"26bc512\" data-element_type=\"column\">\n\t\t\t<div class=\"elementor-widget-wrap elementor-element-populated\">\n\t\t\t\t\t\t\t\t<div class=\"elementor-element elementor-element-0531da3 elementor-widget elementor-widget-image-gallery\" data-id=\"0531da3\" data-element_type=\"widget\" data-widget_type=\"image-gallery.default\">\n\t\t\t\t<div class=\"elementor-widget-container\">\n\t\t\t<style>\/*! elementor - v3.14.0 - 26-06-2023 *\/\n.elementor-image-gallery .gallery-item{display:inline-block;text-align:center;vertical-align:top;width:100%;max-width:100%;margin:0 auto}.elementor-image-gallery .gallery-item img{margin:0 auto}.elementor-image-gallery .gallery-item .gallery-caption{margin:0}.elementor-image-gallery figure img{display:block}.elementor-image-gallery figure figcaption{width:100%}.gallery-spacing-custom .elementor-image-gallery .gallery-icon{padding:0}@media (min-width:768px){.elementor-image-gallery .gallery-columns-2 .gallery-item{max-width:50%}.elementor-image-gallery .gallery-columns-3 .gallery-item{max-width:33.33%}.elementor-image-gallery .gallery-columns-4 .gallery-item{max-width:25%}.elementor-image-gallery .gallery-columns-5 .gallery-item{max-width:20%}.elementor-image-gallery .gallery-columns-6 .gallery-item{max-width:16.666%}.elementor-image-gallery .gallery-columns-7 .gallery-item{max-width:14.28%}.elementor-image-gallery .gallery-columns-8 .gallery-item{max-width:12.5%}.elementor-image-gallery .gallery-columns-9 .gallery-item{max-width:11.11%}.elementor-image-gallery .gallery-columns-10 .gallery-item{max-width:10%}}@media (min-width:480px) and (max-width:767px){.elementor-image-gallery .gallery.gallery-columns-2 .gallery-item,.elementor-image-gallery .gallery.gallery-columns-3 .gallery-item,.elementor-image-gallery .gallery.gallery-columns-4 .gallery-item,.elementor-image-gallery .gallery.gallery-columns-5 .gallery-item,.elementor-image-gallery .gallery.gallery-columns-6 .gallery-item,.elementor-image-gallery .gallery.gallery-columns-7 .gallery-item,.elementor-image-gallery .gallery.gallery-columns-8 .gallery-item,.elementor-image-gallery .gallery.gallery-columns-9 .gallery-item,.elementor-image-gallery .gallery.gallery-columns-10 .gallery-item{max-width:50%}}@media (max-width:479px){.elementor-image-gallery .gallery.gallery-columns-2 .gallery-item,.elementor-image-gallery .gallery.gallery-columns-3 .gallery-item,.elementor-image-gallery .gallery.gallery-columns-4 .gallery-item,.elementor-image-gallery .gallery.gallery-columns-5 .gallery-item,.elementor-image-gallery .gallery.gallery-columns-6 .gallery-item,.elementor-image-gallery .gallery.gallery-columns-7 .gallery-item,.elementor-image-gallery .gallery.gallery-columns-8 .gallery-item,.elementor-image-gallery .gallery.gallery-columns-9 .gallery-item,.elementor-image-gallery .gallery.gallery-columns-10 .gallery-item{max-width:100%}}<\/style>\t\t<div class=\"elementor-image-gallery\">\n\t\t\t\n\t\t<style type=\"text\/css\">\n\t\t\t#gallery-1 {\n\t\t\t\tmargin: auto;\n\t\t\t}\n\t\t\t#gallery-1 .gallery-item {\n\t\t\t\tfloat: left;\n\t\t\t\tmargin-top: 10px;\n\t\t\t\ttext-align: center;\n\t\t\t\twidth: 20%;\n\t\t\t}\n\t\t\t#gallery-1 img {\n\t\t\t\tborder: 2px solid #cfcfcf;\n\t\t\t}\n\t\t\t#gallery-1 .gallery-caption {\n\t\t\t\tmargin-left: 0;\n\t\t\t}\n\t\t\t\/* see gallery_shortcode() in wp-includes\/media.php *\/\n\t\t<\/style>\n\t\t<div id='gallery-1' class='gallery galleryid-6758 gallery-columns-5 gallery-size-thumbnail'><dl class='gallery-item'>\n\t\t\t<dt class='gallery-icon portrait'>\n\t\t\t\t<a data-elementor-open-lightbox=\"yes\" data-elementor-lightbox-slideshow=\"0531da3\" data-elementor-lightbox-title=\"tasimaaraclari-3\" data-e-action-hash=\"#elementor-action%3Aaction%3Dlightbox%26settings%3DeyJpZCI6NjgxOSwidXJsIjoiaHR0cHM6XC9cL3d3dy5nbmhyYWZzaXN0ZW1sZXJpLmNvbVwvd3AtY29udGVudFwvdXBsb2Fkc1wvMjAyM1wvMDdcL3Rhc2ltYWFyYWNsYXJpLTMuanBnIiwic2xpZGVzaG93IjoiMDUzMWRhMyJ9\" href='https:\/\/www.gnhrafsistemleri.com\/wp-content\/uploads\/2023\/07\/tasimaaraclari-3.jpg'><img loading=\"lazy\" decoding=\"async\" width=\"150\" height=\"150\" src=\"https:\/\/www.gnhrafsistemleri.com\/wp-content\/uploads\/2023\/07\/tasimaaraclari-3-150x150.jpg\" class=\"attachment-thumbnail size-thumbnail\" alt=\"\" \/><\/a>\n\t\t\t<\/dt><\/dl><dl class='gallery-item'>\n\t\t\t<dt class='gallery-icon landscape'>\n\t\t\t\t<a data-elementor-open-lightbox=\"yes\" data-elementor-lightbox-slideshow=\"0531da3\" data-elementor-lightbox-title=\"ta\u015f\u0131ma-arabas\u0131-TR2-1-1169131556-2-3-800x450\" data-e-action-hash=\"#elementor-action%3Aaction%3Dlightbox%26settings%3DeyJpZCI6NjgyMCwidXJsIjoiaHR0cHM6XC9cL3d3dy5nbmhyYWZzaXN0ZW1sZXJpLmNvbVwvd3AtY29udGVudFwvdXBsb2Fkc1wvMjAyM1wvMDdcL3Rhc2ltYS1hcmFiYXNpLVRSMi0xLTExNjkxMzE1NTYtMi0zLTgwMHg0NTAtMS5wbmciLCJzbGlkZXNob3ciOiIwNTMxZGEzIn0%3D\" href='https:\/\/www.gnhrafsistemleri.com\/wp-content\/uploads\/2023\/07\/tasima-arabasi-TR2-1-1169131556-2-3-800x450-1.png'><img loading=\"lazy\" decoding=\"async\" width=\"150\" height=\"150\" src=\"https:\/\/www.gnhrafsistemleri.com\/wp-content\/uploads\/2023\/07\/tasima-arabasi-TR2-1-1169131556-2-3-800x450-1-150x150.png\" class=\"attachment-thumbnail size-thumbnail\" alt=\"\" \/><\/a>\n\t\t\t<\/dt><\/dl><dl class='gallery-item'>\n\t\t\t<dt class='gallery-icon landscape'>\n\t\t\t\t<a data-elementor-open-lightbox=\"yes\" data-elementor-lightbox-slideshow=\"0531da3\" data-elementor-lightbox-title=\"HTB1UkG0GVXXXXaoaXXXq6xXFXXXD-3.jpg_-3\" data-e-action-hash=\"#elementor-action%3Aaction%3Dlightbox%26settings%3DeyJpZCI6NjgyMSwidXJsIjoiaHR0cHM6XC9cL3d3dy5nbmhyYWZzaXN0ZW1sZXJpLmNvbVwvd3AtY29udGVudFwvdXBsb2Fkc1wvMjAyM1wvMDdcL0hUQjFVa0cwR1ZYWFhYYW9hWFhYcTZ4WEZYWFhELTMuanBnXy0zLmpwZyIsInNsaWRlc2hvdyI6IjA1MzFkYTMifQ%3D%3D\" href='https:\/\/www.gnhrafsistemleri.com\/wp-content\/uploads\/2023\/07\/HTB1UkG0GVXXXXaoaXXXq6xXFXXXD-3.jpg_-3.jpg'><img loading=\"lazy\" decoding=\"async\" width=\"150\" height=\"150\" src=\"https:\/\/www.gnhrafsistemleri.com\/wp-content\/uploads\/2023\/07\/HTB1UkG0GVXXXXaoaXXXq6xXFXXXD-3.jpg_-3-150x150.jpg\" class=\"attachment-thumbnail size-thumbnail\" alt=\"\" srcset=\"https:\/\/www.gnhrafsistemleri.com\/wp-content\/uploads\/2023\/07\/HTB1UkG0GVXXXXaoaXXXq6xXFXXXD-3.jpg_-3-150x150.jpg 150w, https:\/\/www.gnhrafsistemleri.com\/wp-content\/uploads\/2023\/07\/HTB1UkG0GVXXXXaoaXXXq6xXFXXXD-3.jpg_-3-300x300.jpg 300w, https:\/\/www.gnhrafsistemleri.com\/wp-content\/uploads\/2023\/07\/HTB1UkG0GVXXXXaoaXXXq6xXFXXXD-3.jpg_-3-768x768.jpg 768w, https:\/\/www.gnhrafsistemleri.com\/wp-content\/uploads\/2023\/07\/HTB1UkG0GVXXXXaoaXXXq6xXFXXXD-3.jpg_-3.jpg 790w\" sizes=\"auto, (max-width: 150px) 100vw, 150px\" \/><\/a>\n\t\t\t<\/dt><\/dl><dl class='gallery-item'>\n\t\t\t<dt class='gallery-icon portrait'>\n\t\t\t\t<a data-elementor-open-lightbox=\"yes\" data-elementor-lightbox-slideshow=\"0531da3\" data-elementor-lightbox-title=\"345345-3-499x800\" data-e-action-hash=\"#elementor-action%3Aaction%3Dlightbox%26settings%3DeyJpZCI6NjgyMiwidXJsIjoiaHR0cHM6XC9cL3d3dy5nbmhyYWZzaXN0ZW1sZXJpLmNvbVwvd3AtY29udGVudFwvdXBsb2Fkc1wvMjAyM1wvMDdcLzM0NTM0NS0zLTQ5OXg4MDAtMS5qcGciLCJzbGlkZXNob3ciOiIwNTMxZGEzIn0%3D\" href='https:\/\/www.gnhrafsistemleri.com\/wp-content\/uploads\/2023\/07\/345345-3-499x800-1.jpg'><img loading=\"lazy\" decoding=\"async\" width=\"150\" height=\"150\" src=\"https:\/\/www.gnhrafsistemleri.com\/wp-content\/uploads\/2023\/07\/345345-3-499x800-1-150x150.jpg\" class=\"attachment-thumbnail size-thumbnail\" alt=\"\" \/><\/a>\n\t\t\t<\/dt><\/dl><dl class='gallery-item'>\n\t\t\t<dt class='gallery-icon landscape'>\n\t\t\t\t<a data-elementor-open-lightbox=\"yes\" data-elementor-lightbox-slideshow=\"0531da3\" data-elementor-lightbox-title=\"Paslanmaz-Telli-Raf-Sistemleri-2-3-800x600\" data-e-action-hash=\"#elementor-action%3Aaction%3Dlightbox%26settings%3DeyJpZCI6NjgyMywidXJsIjoiaHR0cHM6XC9cL3d3dy5nbmhyYWZzaXN0ZW1sZXJpLmNvbVwvd3AtY29udGVudFwvdXBsb2Fkc1wvMjAyM1wvMDdcL1Bhc2xhbm1hei1UZWxsaS1SYWYtU2lzdGVtbGVyaS0yLTMtODAweDYwMC0xLmpwZWciLCJzbGlkZXNob3ciOiIwNTMxZGEzIn0%3D\" href='https:\/\/www.gnhrafsistemleri.com\/wp-content\/uploads\/2023\/07\/Paslanmaz-Telli-Raf-Sistemleri-2-3-800x600-1.jpeg'><img loading=\"lazy\" decoding=\"async\" width=\"150\" height=\"150\" src=\"https:\/\/www.gnhrafsistemleri.com\/wp-content\/uploads\/2023\/07\/Paslanmaz-Telli-Raf-Sistemleri-2-3-800x600-1-150x150.jpeg\" class=\"attachment-thumbnail size-thumbnail\" alt=\"\" \/><\/a>\n\t\t\t<\/dt><\/dl><br style=\"clear: both\" \/><dl class='gallery-item'>\n\t\t\t<dt class='gallery-icon portrait'>\n\t\t\t\t<a data-elementor-open-lightbox=\"yes\" data-elementor-lightbox-slideshow=\"0531da3\" data-elementor-lightbox-title=\"Ads\u0131z-4-612x800\" data-e-action-hash=\"#elementor-action%3Aaction%3Dlightbox%26settings%3DeyJpZCI6NjgyNCwidXJsIjoiaHR0cHM6XC9cL3d3dy5nbmhyYWZzaXN0ZW1sZXJpLmNvbVwvd3AtY29udGVudFwvdXBsb2Fkc1wvMjAyM1wvMDdcL0Fkc2l6LTQtNjEyeDgwMC0xLmpwZyIsInNsaWRlc2hvdyI6IjA1MzFkYTMifQ%3D%3D\" href='https:\/\/www.gnhrafsistemleri.com\/wp-content\/uploads\/2023\/07\/Adsiz-4-612x800-1.jpg'><img loading=\"lazy\" decoding=\"async\" width=\"150\" height=\"150\" src=\"https:\/\/www.gnhrafsistemleri.com\/wp-content\/uploads\/2023\/07\/Adsiz-4-612x800-1-150x150.jpg\" class=\"attachment-thumbnail size-thumbnail\" alt=\"\" \/><\/a>\n\t\t\t<\/dt><\/dl><dl class='gallery-item'>\n\t\t\t<dt class='gallery-icon landscape'>\n\t\t\t\t<a data-elementor-open-lightbox=\"yes\" data-elementor-lightbox-slideshow=\"0531da3\" data-elementor-lightbox-title=\"chrome-plated-wire-rack39283554004-2\" data-e-action-hash=\"#elementor-action%3Aaction%3Dlightbox%26settings%3DeyJpZCI6NjgyNSwidXJsIjoiaHR0cHM6XC9cL3d3dy5nbmhyYWZzaXN0ZW1sZXJpLmNvbVwvd3AtY29udGVudFwvdXBsb2Fkc1wvMjAyM1wvMDdcL2Nocm9tZS1wbGF0ZWQtd2lyZS1yYWNrMzkyODM1NTQwMDQtMi5qcGciLCJzbGlkZXNob3ciOiIwNTMxZGEzIn0%3D\" href='https:\/\/www.gnhrafsistemleri.com\/wp-content\/uploads\/2023\/07\/chrome-plated-wire-rack39283554004-2.jpg'><img loading=\"lazy\" decoding=\"async\" width=\"150\" height=\"150\" src=\"https:\/\/www.gnhrafsistemleri.com\/wp-content\/uploads\/2023\/07\/chrome-plated-wire-rack39283554004-2-150x150.jpg\" class=\"attachment-thumbnail size-thumbnail\" alt=\"\" srcset=\"https:\/\/www.gnhrafsistemleri.com\/wp-content\/uploads\/2023\/07\/chrome-plated-wire-rack39283554004-2-150x150.jpg 150w, https:\/\/www.gnhrafsistemleri.com\/wp-content\/uploads\/2023\/07\/chrome-plated-wire-rack39283554004-2-300x300.jpg 300w, https:\/\/www.gnhrafsistemleri.com\/wp-content\/uploads\/2023\/07\/chrome-plated-wire-rack39283554004-2.jpg 730w\" sizes=\"auto, (max-width: 150px) 100vw, 150px\" \/><\/a>\n\t\t\t<\/dt><\/dl><dl class='gallery-item'>\n\t\t\t<dt class='gallery-icon landscape'>\n\t\t\t\t<a data-elementor-open-lightbox=\"yes\" data-elementor-lightbox-slideshow=\"0531da3\" data-elementor-lightbox-title=\"paslanmaz-tel-raf-840x840-2-800x800\" data-e-action-hash=\"#elementor-action%3Aaction%3Dlightbox%26settings%3DeyJpZCI6NjgyNiwidXJsIjoiaHR0cHM6XC9cL3d3dy5nbmhyYWZzaXN0ZW1sZXJpLmNvbVwvd3AtY29udGVudFwvdXBsb2Fkc1wvMjAyM1wvMDdcL3Bhc2xhbm1hei10ZWwtcmFmLTg0MHg4NDAtMi04MDB4ODAwLTEuanBnIiwic2xpZGVzaG93IjoiMDUzMWRhMyJ9\" href='https:\/\/www.gnhrafsistemleri.com\/wp-content\/uploads\/2023\/07\/paslanmaz-tel-raf-840x840-2-800x800-1.jpg'><img loading=\"lazy\" decoding=\"async\" width=\"150\" height=\"150\" src=\"https:\/\/www.gnhrafsistemleri.com\/wp-content\/uploads\/2023\/07\/paslanmaz-tel-raf-840x840-2-800x800-1-150x150.jpg\" class=\"attachment-thumbnail size-thumbnail\" alt=\"\" srcset=\"https:\/\/www.gnhrafsistemleri.com\/wp-content\/uploads\/2023\/07\/paslanmaz-tel-raf-840x840-2-800x800-1-150x150.jpg 150w, https:\/\/www.gnhrafsistemleri.com\/wp-content\/uploads\/2023\/07\/paslanmaz-tel-raf-840x840-2-800x800-1-300x300.jpg 300w, https:\/\/www.gnhrafsistemleri.com\/wp-content\/uploads\/2023\/07\/paslanmaz-tel-raf-840x840-2-800x800-1-768x768.jpg 768w, https:\/\/www.gnhrafsistemleri.com\/wp-content\/uploads\/2023\/07\/paslanmaz-tel-raf-840x840-2-800x800-1.jpg 800w\" sizes=\"auto, (max-width: 150px) 100vw, 150px\" \/><\/a>\n\t\t\t<\/dt><\/dl><dl class='gallery-item'>\n\t\t\t<dt class='gallery-icon portrait'>\n\t\t\t\t<a data-elementor-open-lightbox=\"yes\" data-elementor-lightbox-slideshow=\"0531da3\" data-elementor-lightbox-title=\"telraf-4\" data-e-action-hash=\"#elementor-action%3Aaction%3Dlightbox%26settings%3DeyJpZCI6NjgyNywidXJsIjoiaHR0cHM6XC9cL3d3dy5nbmhyYWZzaXN0ZW1sZXJpLmNvbVwvd3AtY29udGVudFwvdXBsb2Fkc1wvMjAyM1wvMDdcL3RlbHJhZi00LmpwZyIsInNsaWRlc2hvdyI6IjA1MzFkYTMifQ%3D%3D\" href='https:\/\/www.gnhrafsistemleri.com\/wp-content\/uploads\/2023\/07\/telraf-4.jpg'><img loading=\"lazy\" decoding=\"async\" width=\"150\" height=\"150\" src=\"https:\/\/www.gnhrafsistemleri.com\/wp-content\/uploads\/2023\/07\/telraf-4-150x150.jpg\" class=\"attachment-thumbnail size-thumbnail\" alt=\"\" \/><\/a>\n\t\t\t<\/dt><\/dl>\n\t\t\t<br style='clear: both' \/>\n\t\t<\/div>\n\t\t<\/div>\n\t\t\t\t<\/div>\n\t\t\t\t<\/div>\n\t\t\t\t\t<\/div>\n\t\t<\/div>\n\t\t\t\t\t\t\t<\/div>\n\t\t<\/section>\n\t\t\t\t\t\t\t<\/div>\n\t\t","protected":false},"excerpt":{"rendered":"<p>* Tamam\u0131 304 Kalite Cr-Ni paslanmaz \u00e7elik transmisyon telden imal edilmektedir. * Parlak y\u00fczeyler i\u00e7in elektropolisaj yap\u0131lm\u0131\u015ft\u0131r. *Raflar dikmeleri ile demonte \u015fekilde haz\u0131rlanm\u0131\u015f olup kurulumda raf y\u00fckseklikleri 10cm arayla istenilen y\u00fckseklikte ayarlanabilir. *Opsiyonel olarak 360 derece d\u00f6nebilen, 2\u2019si frenli 2\u2019si frensiz 4 adet teker ilave edilebilmektedir. *Raflar\u0131n maksimum y\u00fck kapasite 150 Kg (+-%10) ta\u015f\u0131r iste\u011fe [&hellip;]<\/p>\n","protected":false},"author":1,"featured_media":0,"parent":6747,"menu_order":0,"comment_status":"closed","ping_status":"closed","template":"","meta":{"footnotes":""},"class_list":["post-6758","page","type-page","status-publish","hentry"],"_links":{"self":[{"href":"https:\/\/www.gnhrafsistemleri.com\/index.php\/wp-json\/wp\/v2\/pages\/6758","targetHints":{"allow":["GET"]}}],"collection":[{"href":"https:\/\/www.gnhrafsistemleri.com\/index.php\/wp-json\/wp\/v2\/pages"}],"about":[{"href":"https:\/\/www.gnhrafsistemleri.com\/index.php\/wp-json\/wp\/v2\/types\/page"}],"author":[{"embeddable":true,"href":"https:\/\/www.gnhrafsistemleri.com\/index.php\/wp-json\/wp\/v2\/users\/1"}],"replies":[{"embeddable":true,"href":"https:\/\/www.gnhrafsistemleri.com\/index.php\/wp-json\/wp\/v2\/comments?post=6758"}],"version-history":[{"count":7,"href":"https:\/\/www.gnhrafsistemleri.com\/index.php\/wp-json\/wp\/v2\/pages\/6758\/revisions"}],"predecessor-version":[{"id":6830,"href":"https:\/\/www.gnhrafsistemleri.com\/index.php\/wp-json\/wp\/v2\/pages\/6758\/revisions\/6830"}],"up":[{"embeddable":true,"href":"https:\/\/www.gnhrafsistemleri.com\/index.php\/wp-json\/wp\/v2\/pages\/6747"}],"wp:attachment":[{"href":"https:\/\/www.gnhrafsistemleri.com\/index.php\/wp-json\/wp\/v2\/media?parent=6758"}],"curies":[{"name":"wp","href":"https:\/\/api.w.org\/{rel}","templated":true}]}}