{"id":6781,"date":"2023-07-19T18:25:08","date_gmt":"2023-07-19T15:25:08","guid":{"rendered":"https:\/\/gnhrafsistemleri.com\/?page_id=6781"},"modified":"2023-07-19T19:16:07","modified_gmt":"2023-07-19T16:16:07","slug":"dosya-dolaplari","status":"publish","type":"page","link":"https:\/\/www.gnhrafsistemleri.com\/index.php\/urun-gruplari\/celik-dolaplar\/dosya-dolaplari\/","title":{"rendered":"Dosya Dolaplar\u0131"},"content":{"rendered":"\t\t<div data-elementor-type=\"wp-page\" data-elementor-id=\"6781\" class=\"elementor elementor-6781\">\n\t\t\t\t\t\t\t\t\t<section class=\"elementor-section elementor-top-section elementor-element elementor-element-540f393 elementor-section-boxed elementor-section-height-default elementor-section-height-default\" data-id=\"540f393\" data-element_type=\"section\">\n\t\t\t\t\t\t<div class=\"elementor-container elementor-column-gap-default\">\n\t\t\t\t\t<div class=\"elementor-column elementor-col-100 elementor-top-column elementor-element elementor-element-2bd53ca\" data-id=\"2bd53ca\" data-element_type=\"column\">\n\t\t\t<div class=\"elementor-widget-wrap elementor-element-populated\">\n\t\t\t\t\t\t\t\t<div class=\"elementor-element elementor-element-2fe683c elementor-widget elementor-widget-text-editor\" data-id=\"2fe683c\" data-element_type=\"widget\" data-widget_type=\"text-editor.default\">\n\t\t\t\t<div class=\"elementor-widget-container\">\n\t\t\t<style>\/*! elementor - v3.14.0 - 26-06-2023 *\/\n.elementor-widget-text-editor.elementor-drop-cap-view-stacked .elementor-drop-cap{background-color:#69727d;color:#fff}.elementor-widget-text-editor.elementor-drop-cap-view-framed .elementor-drop-cap{color:#69727d;border:3px solid;background-color:transparent}.elementor-widget-text-editor:not(.elementor-drop-cap-view-default) .elementor-drop-cap{margin-top:8px}.elementor-widget-text-editor:not(.elementor-drop-cap-view-default) .elementor-drop-cap-letter{width:1em;height:1em}.elementor-widget-text-editor .elementor-drop-cap{float:left;text-align:center;line-height:1;font-size:50px}.elementor-widget-text-editor .elementor-drop-cap-letter{display:inline-block}<\/style>\t\t\t\t<p><strong><img loading=\"lazy\" decoding=\"async\" class=\"size-medium wp-image-6917 alignleft\" src=\"https:\/\/gnhrafsistemleri.com\/wp-content\/uploads\/2023\/07\/DOSYA-DOLABI2-640x350-1-300x164.jpg\" alt=\"\" width=\"300\" height=\"164\" srcset=\"https:\/\/www.gnhrafsistemleri.com\/wp-content\/uploads\/2023\/07\/DOSYA-DOLABI2-640x350-1-300x164.jpg 300w, https:\/\/www.gnhrafsistemleri.com\/wp-content\/uploads\/2023\/07\/DOSYA-DOLABI2-640x350-1.jpg 640w\" sizes=\"auto, (max-width: 300px) 100vw, 300px\" \/>Dosya Dolab\u0131,<\/strong>\u00a0genellikle b\u00fcrolarda tercih edilmektedir.<\/p><p><strong>Dosya Dolab\u0131,<\/strong>\u00a0ar\u015fiv alanlar\u0131nda y\u00fckseklik a\u00e7\u0131s\u0131ndan yer kayb\u0131na neden oldu\u011fundan ar\u015fivleme anlam\u0131nda daha k\u00fc\u00e7\u00fck \u00e7apl\u0131 alanlarda kullan\u0131l\u0131r.<\/p><p><strong>Dosya Dolab\u0131,<\/strong>\u00a0kilitli olmas\u0131 nedeniyle, b\u00fcro ve ar\u015fiv olarak kullan\u0131lan daha k\u00fc\u00e7\u00fck \u00e7al\u0131\u015fma mek\u00e2nlar\u0131nda, \u00f6zellikli dok\u00fcmanlar veya gizli belgeler i\u00e7in g\u00fcvenlik a\u00e7\u0131s\u0131ndan tavsiye edilmektedir.<\/p><p>Teknik \u00d6zellikler<\/p><p>\u2013 G\u00f6vdeler ve raflar 0,80 mm DKP sacdan mamuld\u00fcr.<br \/>\u2013 \u0130ki kap\u0131l\u0131, gizli mente\u015feli, ayarlanabilir, d\u00f6rt rafl\u0131, kilitli dolapt\u0131r.<br \/>\u2013 B\u00fct\u00fcn y\u00fczeyler 40 mikron elektrostatik toz f\u0131r\u0131n boya.<br \/>\u2013 M\u00fc\u015fteri iste\u011fine ba\u011fl\u0131 olarak kapaklar caml\u0131 da yap\u0131labilmektedir.<\/p><p>\u2013 \u0130stenilen renk ve ebatta \u00fcretim yap\u0131labilmektedir.<\/p><ul><li><h5>\u00c7elik dosya dolab\u0131 i\u00e7in bizden fiyat alabilirsiniz.<\/h5><\/li><\/ul>\t\t\t\t\t\t<\/div>\n\t\t\t\t<\/div>\n\t\t\t\t\t<\/div>\n\t\t<\/div>\n\t\t\t\t\t\t\t<\/div>\n\t\t<\/section>\n\t\t\t\t<section class=\"elementor-section elementor-top-section elementor-element elementor-element-e56be09 elementor-section-boxed elementor-section-height-default elementor-section-height-default\" data-id=\"e56be09\" data-element_type=\"section\">\n\t\t\t\t\t\t<div class=\"elementor-container elementor-column-gap-default\">\n\t\t\t\t\t<div class=\"elementor-column elementor-col-100 elementor-top-column elementor-element elementor-element-3d63535\" data-id=\"3d63535\" data-element_type=\"column\">\n\t\t\t<div class=\"elementor-widget-wrap elementor-element-populated\">\n\t\t\t\t\t\t\t\t<div class=\"elementor-element elementor-element-fca1c6b elementor-widget elementor-widget-image-gallery\" data-id=\"fca1c6b\" data-element_type=\"widget\" data-widget_type=\"image-gallery.default\">\n\t\t\t\t<div class=\"elementor-widget-container\">\n\t\t\t<style>\/*! elementor - v3.14.0 - 26-06-2023 *\/\n.elementor-image-gallery .gallery-item{display:inline-block;text-align:center;vertical-align:top;width:100%;max-width:100%;margin:0 auto}.elementor-image-gallery .gallery-item img{margin:0 auto}.elementor-image-gallery .gallery-item .gallery-caption{margin:0}.elementor-image-gallery figure img{display:block}.elementor-image-gallery figure figcaption{width:100%}.gallery-spacing-custom .elementor-image-gallery .gallery-icon{padding:0}@media (min-width:768px){.elementor-image-gallery .gallery-columns-2 .gallery-item{max-width:50%}.elementor-image-gallery .gallery-columns-3 .gallery-item{max-width:33.33%}.elementor-image-gallery .gallery-columns-4 .gallery-item{max-width:25%}.elementor-image-gallery .gallery-columns-5 .gallery-item{max-width:20%}.elementor-image-gallery .gallery-columns-6 .gallery-item{max-width:16.666%}.elementor-image-gallery .gallery-columns-7 .gallery-item{max-width:14.28%}.elementor-image-gallery .gallery-columns-8 .gallery-item{max-width:12.5%}.elementor-image-gallery .gallery-columns-9 .gallery-item{max-width:11.11%}.elementor-image-gallery .gallery-columns-10 .gallery-item{max-width:10%}}@media (min-width:480px) and (max-width:767px){.elementor-image-gallery .gallery.gallery-columns-2 .gallery-item,.elementor-image-gallery .gallery.gallery-columns-3 .gallery-item,.elementor-image-gallery .gallery.gallery-columns-4 .gallery-item,.elementor-image-gallery .gallery.gallery-columns-5 .gallery-item,.elementor-image-gallery .gallery.gallery-columns-6 .gallery-item,.elementor-image-gallery .gallery.gallery-columns-7 .gallery-item,.elementor-image-gallery .gallery.gallery-columns-8 .gallery-item,.elementor-image-gallery .gallery.gallery-columns-9 .gallery-item,.elementor-image-gallery .gallery.gallery-columns-10 .gallery-item{max-width:50%}}@media (max-width:479px){.elementor-image-gallery .gallery.gallery-columns-2 .gallery-item,.elementor-image-gallery .gallery.gallery-columns-3 .gallery-item,.elementor-image-gallery .gallery.gallery-columns-4 .gallery-item,.elementor-image-gallery .gallery.gallery-columns-5 .gallery-item,.elementor-image-gallery .gallery.gallery-columns-6 .gallery-item,.elementor-image-gallery .gallery.gallery-columns-7 .gallery-item,.elementor-image-gallery .gallery.gallery-columns-8 .gallery-item,.elementor-image-gallery .gallery.gallery-columns-9 .gallery-item,.elementor-image-gallery .gallery.gallery-columns-10 .gallery-item{max-width:100%}}<\/style>\t\t<div class=\"elementor-image-gallery\">\n\t\t\t\n\t\t<style type=\"text\/css\">\n\t\t\t#gallery-1 {\n\t\t\t\tmargin: auto;\n\t\t\t}\n\t\t\t#gallery-1 .gallery-item {\n\t\t\t\tfloat: left;\n\t\t\t\tmargin-top: 10px;\n\t\t\t\ttext-align: center;\n\t\t\t\twidth: 25%;\n\t\t\t}\n\t\t\t#gallery-1 img {\n\t\t\t\tborder: 2px solid #cfcfcf;\n\t\t\t}\n\t\t\t#gallery-1 .gallery-caption {\n\t\t\t\tmargin-left: 0;\n\t\t\t}\n\t\t\t\/* see gallery_shortcode() in wp-includes\/media.php *\/\n\t\t<\/style>\n\t\t<div id='gallery-1' class='gallery galleryid-6781 gallery-columns-4 gallery-size-thumbnail'><dl class='gallery-item'>\n\t\t\t<dt class='gallery-icon landscape'>\n\t\t\t\t<a data-elementor-open-lightbox=\"yes\" data-elementor-lightbox-slideshow=\"fca1c6b\" data-elementor-lightbox-title=\"dosya52\" data-e-action-hash=\"#elementor-action%3Aaction%3Dlightbox%26settings%3DeyJpZCI6NjkxOCwidXJsIjoiaHR0cHM6XC9cL3d3dy5nbmhyYWZzaXN0ZW1sZXJpLmNvbVwvd3AtY29udGVudFwvdXBsb2Fkc1wvMjAyM1wvMDdcL2Rvc3lhNTIuanBnIiwic2xpZGVzaG93IjoiZmNhMWM2YiJ9\" href='https:\/\/www.gnhrafsistemleri.com\/wp-content\/uploads\/2023\/07\/dosya52.jpg'><img loading=\"lazy\" decoding=\"async\" width=\"150\" height=\"150\" src=\"https:\/\/www.gnhrafsistemleri.com\/wp-content\/uploads\/2023\/07\/dosya52-150x150.jpg\" class=\"attachment-thumbnail size-thumbnail\" alt=\"\" aria-describedby=\"gallery-1-6918\" \/><\/a>\n\t\t\t<\/dt>\n\t\t\t\t<dd class='wp-caption-text gallery-caption' id='gallery-1-6918'>\n\t\t\t\tCD DD8\n\t\t\t\t<\/dd><\/dl><dl class='gallery-item'>\n\t\t\t<dt class='gallery-icon landscape'>\n\t\t\t\t<a data-elementor-open-lightbox=\"yes\" data-elementor-lightbox-slideshow=\"fca1c6b\" data-elementor-lightbox-title=\"dosya2\" data-e-action-hash=\"#elementor-action%3Aaction%3Dlightbox%26settings%3DeyJpZCI6NjkxOSwidXJsIjoiaHR0cHM6XC9cL3d3dy5nbmhyYWZzaXN0ZW1sZXJpLmNvbVwvd3AtY29udGVudFwvdXBsb2Fkc1wvMjAyM1wvMDdcL2Rvc3lhMi5qcGciLCJzbGlkZXNob3ciOiJmY2ExYzZiIn0%3D\" href='https:\/\/www.gnhrafsistemleri.com\/wp-content\/uploads\/2023\/07\/dosya2.jpg'><img loading=\"lazy\" decoding=\"async\" width=\"150\" height=\"150\" src=\"https:\/\/www.gnhrafsistemleri.com\/wp-content\/uploads\/2023\/07\/dosya2-150x150.jpg\" class=\"attachment-thumbnail size-thumbnail\" alt=\"\" aria-describedby=\"gallery-1-6919\" \/><\/a>\n\t\t\t<\/dt>\n\t\t\t\t<dd class='wp-caption-text gallery-caption' id='gallery-1-6919'>\n\t\t\t\tCD DD7\n\t\t\t\t<\/dd><\/dl><dl class='gallery-item'>\n\t\t\t<dt class='gallery-icon portrait'>\n\t\t\t\t<a data-elementor-open-lightbox=\"yes\" data-elementor-lightbox-slideshow=\"fca1c6b\" data-elementor-lightbox-title=\"dosya9\" data-e-action-hash=\"#elementor-action%3Aaction%3Dlightbox%26settings%3DeyJpZCI6NjkyMCwidXJsIjoiaHR0cHM6XC9cL3d3dy5nbmhyYWZzaXN0ZW1sZXJpLmNvbVwvd3AtY29udGVudFwvdXBsb2Fkc1wvMjAyM1wvMDdcL2Rvc3lhOS5qcGciLCJzbGlkZXNob3ciOiJmY2ExYzZiIn0%3D\" href='https:\/\/www.gnhrafsistemleri.com\/wp-content\/uploads\/2023\/07\/dosya9.jpg'><img loading=\"lazy\" decoding=\"async\" width=\"150\" height=\"150\" src=\"https:\/\/www.gnhrafsistemleri.com\/wp-content\/uploads\/2023\/07\/dosya9-150x150.jpg\" class=\"attachment-thumbnail size-thumbnail\" alt=\"\" aria-describedby=\"gallery-1-6920\" \/><\/a>\n\t\t\t<\/dt>\n\t\t\t\t<dd class='wp-caption-text gallery-caption' id='gallery-1-6920'>\n\t\t\t\tCD DD6\n\t\t\t\t<\/dd><\/dl><dl class='gallery-item'>\n\t\t\t<dt class='gallery-icon landscape'>\n\t\t\t\t<a data-elementor-open-lightbox=\"yes\" data-elementor-lightbox-slideshow=\"fca1c6b\" data-elementor-lightbox-title=\"dosya1\" data-e-action-hash=\"#elementor-action%3Aaction%3Dlightbox%26settings%3DeyJpZCI6NjkyMSwidXJsIjoiaHR0cHM6XC9cL3d3dy5nbmhyYWZzaXN0ZW1sZXJpLmNvbVwvd3AtY29udGVudFwvdXBsb2Fkc1wvMjAyM1wvMDdcL2Rvc3lhMS5qcGciLCJzbGlkZXNob3ciOiJmY2ExYzZiIn0%3D\" href='https:\/\/www.gnhrafsistemleri.com\/wp-content\/uploads\/2023\/07\/dosya1.jpg'><img loading=\"lazy\" decoding=\"async\" width=\"150\" height=\"150\" src=\"https:\/\/www.gnhrafsistemleri.com\/wp-content\/uploads\/2023\/07\/dosya1-150x150.jpg\" class=\"attachment-thumbnail size-thumbnail\" alt=\"\" aria-describedby=\"gallery-1-6921\" \/><\/a>\n\t\t\t<\/dt>\n\t\t\t\t<dd class='wp-caption-text gallery-caption' id='gallery-1-6921'>\n\t\t\t\tCD DD5\n\t\t\t\t<\/dd><\/dl><br style=\"clear: both\" \/><dl class='gallery-item'>\n\t\t\t<dt class='gallery-icon landscape'>\n\t\t\t\t<a data-elementor-open-lightbox=\"yes\" data-elementor-lightbox-slideshow=\"fca1c6b\" data-elementor-lightbox-title=\"dosya4\" data-e-action-hash=\"#elementor-action%3Aaction%3Dlightbox%26settings%3DeyJpZCI6NjkyMiwidXJsIjoiaHR0cHM6XC9cL3d3dy5nbmhyYWZzaXN0ZW1sZXJpLmNvbVwvd3AtY29udGVudFwvdXBsb2Fkc1wvMjAyM1wvMDdcL2Rvc3lhNC5qcGciLCJzbGlkZXNob3ciOiJmY2ExYzZiIn0%3D\" href='https:\/\/www.gnhrafsistemleri.com\/wp-content\/uploads\/2023\/07\/dosya4.jpg'><img loading=\"lazy\" decoding=\"async\" width=\"150\" height=\"150\" src=\"https:\/\/www.gnhrafsistemleri.com\/wp-content\/uploads\/2023\/07\/dosya4-150x150.jpg\" class=\"attachment-thumbnail size-thumbnail\" alt=\"\" aria-describedby=\"gallery-1-6922\" \/><\/a>\n\t\t\t<\/dt>\n\t\t\t\t<dd class='wp-caption-text gallery-caption' id='gallery-1-6922'>\n\t\t\t\tCD DD4\n\t\t\t\t<\/dd><\/dl><dl class='gallery-item'>\n\t\t\t<dt class='gallery-icon portrait'>\n\t\t\t\t<a data-elementor-open-lightbox=\"yes\" data-elementor-lightbox-slideshow=\"fca1c6b\" data-elementor-lightbox-title=\"cd-dd3\" data-e-action-hash=\"#elementor-action%3Aaction%3Dlightbox%26settings%3DeyJpZCI6NjkyMywidXJsIjoiaHR0cHM6XC9cL3d3dy5nbmhyYWZzaXN0ZW1sZXJpLmNvbVwvd3AtY29udGVudFwvdXBsb2Fkc1wvMjAyM1wvMDdcL2NkLWRkMy5qcGciLCJzbGlkZXNob3ciOiJmY2ExYzZiIn0%3D\" href='https:\/\/www.gnhrafsistemleri.com\/wp-content\/uploads\/2023\/07\/cd-dd3.jpg'><img loading=\"lazy\" decoding=\"async\" width=\"150\" height=\"150\" src=\"https:\/\/www.gnhrafsistemleri.com\/wp-content\/uploads\/2023\/07\/cd-dd3-150x150.jpg\" class=\"attachment-thumbnail size-thumbnail\" alt=\"\" aria-describedby=\"gallery-1-6923\" \/><\/a>\n\t\t\t<\/dt>\n\t\t\t\t<dd class='wp-caption-text gallery-caption' id='gallery-1-6923'>\n\t\t\t\tCD DD3\n\t\t\t\t<\/dd><\/dl><dl class='gallery-item'>\n\t\t\t<dt class='gallery-icon portrait'>\n\t\t\t\t<a data-elementor-open-lightbox=\"yes\" data-elementor-lightbox-slideshow=\"fca1c6b\" data-elementor-lightbox-title=\"cd-dd2\" data-e-action-hash=\"#elementor-action%3Aaction%3Dlightbox%26settings%3DeyJpZCI6NjkyNCwidXJsIjoiaHR0cHM6XC9cL3d3dy5nbmhyYWZzaXN0ZW1sZXJpLmNvbVwvd3AtY29udGVudFwvdXBsb2Fkc1wvMjAyM1wvMDdcL2NkLWRkMi5qcGciLCJzbGlkZXNob3ciOiJmY2ExYzZiIn0%3D\" href='https:\/\/www.gnhrafsistemleri.com\/wp-content\/uploads\/2023\/07\/cd-dd2.jpg'><img loading=\"lazy\" decoding=\"async\" width=\"150\" height=\"150\" src=\"https:\/\/www.gnhrafsistemleri.com\/wp-content\/uploads\/2023\/07\/cd-dd2-150x150.jpg\" class=\"attachment-thumbnail size-thumbnail\" alt=\"\" aria-describedby=\"gallery-1-6924\" \/><\/a>\n\t\t\t<\/dt>\n\t\t\t\t<dd class='wp-caption-text gallery-caption' id='gallery-1-6924'>\n\t\t\t\tCD DD2\n\t\t\t\t<\/dd><\/dl><dl class='gallery-item'>\n\t\t\t<dt class='gallery-icon landscape'>\n\t\t\t\t<a data-elementor-open-lightbox=\"yes\" data-elementor-lightbox-slideshow=\"fca1c6b\" data-elementor-lightbox-title=\"cd-dd1\" data-e-action-hash=\"#elementor-action%3Aaction%3Dlightbox%26settings%3DeyJpZCI6NjkyNSwidXJsIjoiaHR0cHM6XC9cL3d3dy5nbmhyYWZzaXN0ZW1sZXJpLmNvbVwvd3AtY29udGVudFwvdXBsb2Fkc1wvMjAyM1wvMDdcL2NkLWRkMS5qcGciLCJzbGlkZXNob3ciOiJmY2ExYzZiIn0%3D\" href='https:\/\/www.gnhrafsistemleri.com\/wp-content\/uploads\/2023\/07\/cd-dd1.jpg'><img loading=\"lazy\" decoding=\"async\" width=\"150\" height=\"150\" src=\"https:\/\/www.gnhrafsistemleri.com\/wp-content\/uploads\/2023\/07\/cd-dd1-150x150.jpg\" class=\"attachment-thumbnail size-thumbnail\" alt=\"\" aria-describedby=\"gallery-1-6925\" srcset=\"https:\/\/www.gnhrafsistemleri.com\/wp-content\/uploads\/2023\/07\/cd-dd1-150x150.jpg 150w, https:\/\/www.gnhrafsistemleri.com\/wp-content\/uploads\/2023\/07\/cd-dd1-300x300.jpg 300w, https:\/\/www.gnhrafsistemleri.com\/wp-content\/uploads\/2023\/07\/cd-dd1.jpg 740w\" sizes=\"auto, (max-width: 150px) 100vw, 150px\" \/><\/a>\n\t\t\t<\/dt>\n\t\t\t\t<dd class='wp-caption-text gallery-caption' id='gallery-1-6925'>\n\t\t\t\tCD DD1\n\t\t\t\t<\/dd><\/dl><br style=\"clear: both\" \/>\n\t\t<\/div>\n\t\t<\/div>\n\t\t\t\t<\/div>\n\t\t\t\t<\/div>\n\t\t\t\t\t<\/div>\n\t\t<\/div>\n\t\t\t\t\t\t\t<\/div>\n\t\t<\/section>\n\t\t\t\t\t\t\t<\/div>\n\t\t","protected":false},"excerpt":{"rendered":"<p>Dosya Dolab\u0131,\u00a0genellikle b\u00fcrolarda tercih edilmektedir. Dosya Dolab\u0131,\u00a0ar\u015fiv alanlar\u0131nda y\u00fckseklik a\u00e7\u0131s\u0131ndan yer kayb\u0131na neden oldu\u011fundan ar\u015fivleme anlam\u0131nda daha k\u00fc\u00e7\u00fck \u00e7apl\u0131 alanlarda kullan\u0131l\u0131r. Dosya Dolab\u0131,\u00a0kilitli olmas\u0131 nedeniyle, b\u00fcro ve ar\u015fiv olarak kullan\u0131lan daha k\u00fc\u00e7\u00fck \u00e7al\u0131\u015fma mek\u00e2nlar\u0131nda, \u00f6zellikli dok\u00fcmanlar veya gizli belgeler i\u00e7in g\u00fcvenlik a\u00e7\u0131s\u0131ndan tavsiye edilmektedir. Teknik \u00d6zellikler \u2013 G\u00f6vdeler ve raflar 0,80 mm DKP sacdan mamuld\u00fcr.\u2013 [&hellip;]<\/p>\n","protected":false},"author":1,"featured_media":0,"parent":6779,"menu_order":0,"comment_status":"closed","ping_status":"closed","template":"","meta":{"footnotes":""},"class_list":["post-6781","page","type-page","status-publish","hentry"],"_links":{"self":[{"href":"https:\/\/www.gnhrafsistemleri.com\/index.php\/wp-json\/wp\/v2\/pages\/6781","targetHints":{"allow":["GET"]}}],"collection":[{"href":"https:\/\/www.gnhrafsistemleri.com\/index.php\/wp-json\/wp\/v2\/pages"}],"about":[{"href":"https:\/\/www.gnhrafsistemleri.com\/index.php\/wp-json\/wp\/v2\/types\/page"}],"author":[{"embeddable":true,"href":"https:\/\/www.gnhrafsistemleri.com\/index.php\/wp-json\/wp\/v2\/users\/1"}],"replies":[{"embeddable":true,"href":"https:\/\/www.gnhrafsistemleri.com\/index.php\/wp-json\/wp\/v2\/comments?post=6781"}],"version-history":[{"count":7,"href":"https:\/\/www.gnhrafsistemleri.com\/index.php\/wp-json\/wp\/v2\/pages\/6781\/revisions"}],"predecessor-version":[{"id":6947,"href":"https:\/\/www.gnhrafsistemleri.com\/index.php\/wp-json\/wp\/v2\/pages\/6781\/revisions\/6947"}],"up":[{"embeddable":true,"href":"https:\/\/www.gnhrafsistemleri.com\/index.php\/wp-json\/wp\/v2\/pages\/6779"}],"wp:attachment":[{"href":"https:\/\/www.gnhrafsistemleri.com\/index.php\/wp-json\/wp\/v2\/media?parent=6781"}],"curies":[{"name":"wp","href":"https:\/\/api.w.org\/{rel}","templated":true}]}}