{"id":6783,"date":"2023-07-19T18:25:44","date_gmt":"2023-07-19T15:25:44","guid":{"rendered":"https:\/\/gnhrafsistemleri.com\/?page_id=6783"},"modified":"2023-07-19T19:16:53","modified_gmt":"2023-07-19T16:16:53","slug":"kompakt-arsivleme","status":"publish","type":"page","link":"https:\/\/www.gnhrafsistemleri.com\/index.php\/urun-gruplari\/celik-dolaplar\/kompakt-arsivleme\/","title":{"rendered":"Kompakt Ar\u015fivleme"},"content":{"rendered":"\t\t<div data-elementor-type=\"wp-page\" data-elementor-id=\"6783\" class=\"elementor elementor-6783\">\n\t\t\t\t\t\t\t\t\t<section class=\"elementor-section elementor-top-section elementor-element elementor-element-9343bf1 elementor-section-boxed elementor-section-height-default elementor-section-height-default\" data-id=\"9343bf1\" data-element_type=\"section\">\n\t\t\t\t\t\t<div class=\"elementor-container elementor-column-gap-default\">\n\t\t\t\t\t<div class=\"elementor-column elementor-col-100 elementor-top-column elementor-element elementor-element-7e72bcd\" data-id=\"7e72bcd\" data-element_type=\"column\">\n\t\t\t<div class=\"elementor-widget-wrap elementor-element-populated\">\n\t\t\t\t\t\t\t\t<div class=\"elementor-element elementor-element-ecdb238 elementor-widget elementor-widget-text-editor\" data-id=\"ecdb238\" data-element_type=\"widget\" data-widget_type=\"text-editor.default\">\n\t\t\t\t<div class=\"elementor-widget-container\">\n\t\t\t<style>\/*! elementor - v3.14.0 - 26-06-2023 *\/\n.elementor-widget-text-editor.elementor-drop-cap-view-stacked .elementor-drop-cap{background-color:#69727d;color:#fff}.elementor-widget-text-editor.elementor-drop-cap-view-framed .elementor-drop-cap{color:#69727d;border:3px solid;background-color:transparent}.elementor-widget-text-editor:not(.elementor-drop-cap-view-default) .elementor-drop-cap{margin-top:8px}.elementor-widget-text-editor:not(.elementor-drop-cap-view-default) .elementor-drop-cap-letter{width:1em;height:1em}.elementor-widget-text-editor .elementor-drop-cap{float:left;text-align:center;line-height:1;font-size:50px}.elementor-widget-text-editor .elementor-drop-cap-letter{display:inline-block}<\/style>\t\t\t\t<p style=\"text-align: justify;\"><strong><img loading=\"lazy\" decoding=\"async\" class=\"size-medium wp-image-6929 alignleft\" src=\"https:\/\/gnhrafsistemleri.com\/wp-content\/uploads\/2023\/07\/kompakt-680x350-1-300x154.jpg\" alt=\"\" width=\"300\" height=\"154\" srcset=\"https:\/\/www.gnhrafsistemleri.com\/wp-content\/uploads\/2023\/07\/kompakt-680x350-1-300x154.jpg 300w, https:\/\/www.gnhrafsistemleri.com\/wp-content\/uploads\/2023\/07\/kompakt-680x350-1.jpg 680w\" sizes=\"auto, (max-width: 300px) 100vw, 300px\" \/>Kompakt Ar\u015fiv Sistem,<\/strong>tekerlekleri ile \u00f6zel haz\u0131rlanm\u0131\u015f lama raylar \u00fczerinde her dolap s\u0131ras\u0131n\u0131n kenar\u0131nda bulunan direksiyon kolunu \u00e7evirerek veya dolap \u00fczerindeki kolu \u00e7ekerek hareket ettirilen birbirinden ayr\u0131lan ve birbirine yana\u015fan seri dolaplardan olu\u015fmaktad\u0131r.<\/p><p style=\"text-align: justify;\"><strong>Kompakt Ar\u015fiv Sistem,<\/strong>\u00a0rutin ar\u015fivleme y\u00f6ntemleriyle mukayese edildi\u011finde ar\u015fivleme b\u00f6l\u00fcm\u00fcnde yer tasarrufu sa\u011flar.<\/p><p style=\"text-align: justify;\"><strong>Kompakt Ar\u015fiv Sistem,<\/strong>\u00a0ar\u015fivleme gereksinimi geni\u015f \u00e7apl\u0131 olan yerlere rahatl\u0131k getirir ve kullan\u0131c\u0131n\u0131n istedi\u011fi dosyaya d\u0131\u015f b\u00f6l\u00fcmdeki etiketli\u011fe kodlama yap\u0131larak kolay ve h\u0131zla ula\u015fmas\u0131n\u0131 sa\u011flar.<\/p><p style=\"text-align: justify;\"><strong>Kompakt Ar\u015fiv Sistem,<\/strong>\u00a0hareketini sa\u011flamak i\u00e7in d\u0131\u015f y\u00fczeye tak\u0131lan volan\u0131 d\u00f6nd\u00fcrmek yeterlidir.<\/p><p style=\"text-align: justify;\"><strong>Kompakt Ar\u015fiv Sistem,<\/strong>\u00a0merkezi kilit sistemi ile kilitlenmektedir. Dolap aralar\u0131ndaki ge\u00e7me lastik fitiller dosyalar\u0131n tozlanmas\u0131 engellenir.<\/p><p style=\"text-align: justify;\"><strong>Kompakt Ar\u015fiv Sistem,<\/strong>\u00a0kullan\u0131m alanlar\u0131na ve kullan\u0131c\u0131 ihtiya\u00e7lar\u0131na g\u00f6re \u00e7e\u015fitli y\u00fckseklik, geni\u015flik ve derinlikte \u00fcretilmektedir.<\/p><p style=\"text-align: justify;\"><strong>Kompakt Ar\u015fiv Sistem,<\/strong>\u00a0sa\u011flaml\u0131k ve g\u00fcvenilirlik bak\u0131mdan en \u00e7ok tercih edilen ar\u015fivleme sistemidir.<\/p>\t\t\t\t\t\t<\/div>\n\t\t\t\t<\/div>\n\t\t\t\t\t<\/div>\n\t\t<\/div>\n\t\t\t\t\t\t\t<\/div>\n\t\t<\/section>\n\t\t\t\t<section class=\"elementor-section elementor-top-section elementor-element elementor-element-c45bd5f elementor-section-boxed elementor-section-height-default elementor-section-height-default\" data-id=\"c45bd5f\" data-element_type=\"section\">\n\t\t\t\t\t\t<div class=\"elementor-container elementor-column-gap-default\">\n\t\t\t\t\t<div class=\"elementor-column elementor-col-100 elementor-top-column elementor-element elementor-element-91805cd\" data-id=\"91805cd\" data-element_type=\"column\">\n\t\t\t<div class=\"elementor-widget-wrap elementor-element-populated\">\n\t\t\t\t\t\t\t\t<div class=\"elementor-element elementor-element-440b1e0 elementor-widget elementor-widget-image-gallery\" data-id=\"440b1e0\" data-element_type=\"widget\" data-widget_type=\"image-gallery.default\">\n\t\t\t\t<div class=\"elementor-widget-container\">\n\t\t\t<style>\/*! elementor - v3.14.0 - 26-06-2023 *\/\n.elementor-image-gallery .gallery-item{display:inline-block;text-align:center;vertical-align:top;width:100%;max-width:100%;margin:0 auto}.elementor-image-gallery .gallery-item img{margin:0 auto}.elementor-image-gallery .gallery-item .gallery-caption{margin:0}.elementor-image-gallery figure img{display:block}.elementor-image-gallery figure figcaption{width:100%}.gallery-spacing-custom .elementor-image-gallery .gallery-icon{padding:0}@media (min-width:768px){.elementor-image-gallery .gallery-columns-2 .gallery-item{max-width:50%}.elementor-image-gallery .gallery-columns-3 .gallery-item{max-width:33.33%}.elementor-image-gallery .gallery-columns-4 .gallery-item{max-width:25%}.elementor-image-gallery .gallery-columns-5 .gallery-item{max-width:20%}.elementor-image-gallery .gallery-columns-6 .gallery-item{max-width:16.666%}.elementor-image-gallery .gallery-columns-7 .gallery-item{max-width:14.28%}.elementor-image-gallery .gallery-columns-8 .gallery-item{max-width:12.5%}.elementor-image-gallery .gallery-columns-9 .gallery-item{max-width:11.11%}.elementor-image-gallery .gallery-columns-10 .gallery-item{max-width:10%}}@media (min-width:480px) and (max-width:767px){.elementor-image-gallery .gallery.gallery-columns-2 .gallery-item,.elementor-image-gallery .gallery.gallery-columns-3 .gallery-item,.elementor-image-gallery .gallery.gallery-columns-4 .gallery-item,.elementor-image-gallery .gallery.gallery-columns-5 .gallery-item,.elementor-image-gallery .gallery.gallery-columns-6 .gallery-item,.elementor-image-gallery .gallery.gallery-columns-7 .gallery-item,.elementor-image-gallery .gallery.gallery-columns-8 .gallery-item,.elementor-image-gallery .gallery.gallery-columns-9 .gallery-item,.elementor-image-gallery .gallery.gallery-columns-10 .gallery-item{max-width:50%}}@media (max-width:479px){.elementor-image-gallery .gallery.gallery-columns-2 .gallery-item,.elementor-image-gallery .gallery.gallery-columns-3 .gallery-item,.elementor-image-gallery .gallery.gallery-columns-4 .gallery-item,.elementor-image-gallery .gallery.gallery-columns-5 .gallery-item,.elementor-image-gallery .gallery.gallery-columns-6 .gallery-item,.elementor-image-gallery .gallery.gallery-columns-7 .gallery-item,.elementor-image-gallery .gallery.gallery-columns-8 .gallery-item,.elementor-image-gallery .gallery.gallery-columns-9 .gallery-item,.elementor-image-gallery .gallery.gallery-columns-10 .gallery-item{max-width:100%}}<\/style>\t\t<div class=\"elementor-image-gallery\">\n\t\t\t\n\t\t<style type=\"text\/css\">\n\t\t\t#gallery-1 {\n\t\t\t\tmargin: auto;\n\t\t\t}\n\t\t\t#gallery-1 .gallery-item {\n\t\t\t\tfloat: left;\n\t\t\t\tmargin-top: 10px;\n\t\t\t\ttext-align: center;\n\t\t\t\twidth: 33%;\n\t\t\t}\n\t\t\t#gallery-1 img {\n\t\t\t\tborder: 2px solid #cfcfcf;\n\t\t\t}\n\t\t\t#gallery-1 .gallery-caption {\n\t\t\t\tmargin-left: 0;\n\t\t\t}\n\t\t\t\/* see gallery_shortcode() in wp-includes\/media.php *\/\n\t\t<\/style>\n\t\t<div id='gallery-1' class='gallery galleryid-6783 gallery-columns-3 gallery-size-thumbnail'><dl class='gallery-item'>\n\t\t\t<dt class='gallery-icon landscape'>\n\t\t\t\t<a data-elementor-open-lightbox=\"yes\" data-elementor-lightbox-slideshow=\"440b1e0\" data-elementor-lightbox-title=\"cd-ka1\" data-e-action-hash=\"#elementor-action%3Aaction%3Dlightbox%26settings%3DeyJpZCI6NjkzNSwidXJsIjoiaHR0cHM6XC9cL3d3dy5nbmhyYWZzaXN0ZW1sZXJpLmNvbVwvd3AtY29udGVudFwvdXBsb2Fkc1wvMjAyM1wvMDdcL2NkLWthMS5qcGciLCJzbGlkZXNob3ciOiI0NDBiMWUwIn0%3D\" href='https:\/\/www.gnhrafsistemleri.com\/wp-content\/uploads\/2023\/07\/cd-ka1.jpg'><img loading=\"lazy\" decoding=\"async\" width=\"150\" height=\"150\" src=\"https:\/\/www.gnhrafsistemleri.com\/wp-content\/uploads\/2023\/07\/cd-ka1-150x150.jpg\" class=\"attachment-thumbnail size-thumbnail\" alt=\"\" aria-describedby=\"gallery-1-6935\" \/><\/a>\n\t\t\t<\/dt>\n\t\t\t\t<dd class='wp-caption-text gallery-caption' id='gallery-1-6935'>\n\t\t\t\tCD KA1\n\t\t\t\t<\/dd><\/dl><dl class='gallery-item'>\n\t\t\t<dt class='gallery-icon landscape'>\n\t\t\t\t<a data-elementor-open-lightbox=\"yes\" data-elementor-lightbox-slideshow=\"440b1e0\" data-elementor-lightbox-title=\"cd-ka2\" data-e-action-hash=\"#elementor-action%3Aaction%3Dlightbox%26settings%3DeyJpZCI6NjkzNCwidXJsIjoiaHR0cHM6XC9cL3d3dy5nbmhyYWZzaXN0ZW1sZXJpLmNvbVwvd3AtY29udGVudFwvdXBsb2Fkc1wvMjAyM1wvMDdcL2NkLWthMi5qcGciLCJzbGlkZXNob3ciOiI0NDBiMWUwIn0%3D\" href='https:\/\/www.gnhrafsistemleri.com\/wp-content\/uploads\/2023\/07\/cd-ka2.jpg'><img loading=\"lazy\" decoding=\"async\" width=\"150\" height=\"150\" src=\"https:\/\/www.gnhrafsistemleri.com\/wp-content\/uploads\/2023\/07\/cd-ka2-150x150.jpg\" class=\"attachment-thumbnail size-thumbnail\" alt=\"\" aria-describedby=\"gallery-1-6934\" \/><\/a>\n\t\t\t<\/dt>\n\t\t\t\t<dd class='wp-caption-text gallery-caption' id='gallery-1-6934'>\n\t\t\t\tCD KA2\n\t\t\t\t<\/dd><\/dl><dl class='gallery-item'>\n\t\t\t<dt class='gallery-icon landscape'>\n\t\t\t\t<a data-elementor-open-lightbox=\"yes\" data-elementor-lightbox-slideshow=\"440b1e0\" data-elementor-lightbox-title=\"cd-ka3\" data-e-action-hash=\"#elementor-action%3Aaction%3Dlightbox%26settings%3DeyJpZCI6NjkzMywidXJsIjoiaHR0cHM6XC9cL3d3dy5nbmhyYWZzaXN0ZW1sZXJpLmNvbVwvd3AtY29udGVudFwvdXBsb2Fkc1wvMjAyM1wvMDdcL2NkLWthMy5qcGciLCJzbGlkZXNob3ciOiI0NDBiMWUwIn0%3D\" href='https:\/\/www.gnhrafsistemleri.com\/wp-content\/uploads\/2023\/07\/cd-ka3.jpg'><img loading=\"lazy\" decoding=\"async\" width=\"150\" height=\"150\" src=\"https:\/\/www.gnhrafsistemleri.com\/wp-content\/uploads\/2023\/07\/cd-ka3-150x150.jpg\" class=\"attachment-thumbnail size-thumbnail\" alt=\"\" aria-describedby=\"gallery-1-6933\" \/><\/a>\n\t\t\t<\/dt>\n\t\t\t\t<dd class='wp-caption-text gallery-caption' id='gallery-1-6933'>\n\t\t\t\tCD KA3\n\t\t\t\t<\/dd><\/dl><br style=\"clear: both\" \/>\n\t\t<\/div>\n\t\t<\/div>\n\t\t\t\t<\/div>\n\t\t\t\t<\/div>\n\t\t\t\t\t<\/div>\n\t\t<\/div>\n\t\t\t\t\t\t\t<\/div>\n\t\t<\/section>\n\t\t\t\t\t\t\t<\/div>\n\t\t","protected":false},"excerpt":{"rendered":"<p>Kompakt Ar\u015fiv Sistem,tekerlekleri ile \u00f6zel haz\u0131rlanm\u0131\u015f lama raylar \u00fczerinde her dolap s\u0131ras\u0131n\u0131n kenar\u0131nda bulunan direksiyon kolunu \u00e7evirerek veya dolap \u00fczerindeki kolu \u00e7ekerek hareket ettirilen birbirinden ayr\u0131lan ve birbirine yana\u015fan seri dolaplardan olu\u015fmaktad\u0131r. Kompakt Ar\u015fiv Sistem,\u00a0rutin ar\u015fivleme y\u00f6ntemleriyle mukayese edildi\u011finde ar\u015fivleme b\u00f6l\u00fcm\u00fcnde yer tasarrufu sa\u011flar. Kompakt Ar\u015fiv Sistem,\u00a0ar\u015fivleme gereksinimi geni\u015f \u00e7apl\u0131 olan yerlere rahatl\u0131k getirir ve [&hellip;]<\/p>\n","protected":false},"author":1,"featured_media":0,"parent":6779,"menu_order":0,"comment_status":"closed","ping_status":"closed","template":"","meta":{"footnotes":""},"class_list":["post-6783","page","type-page","status-publish","hentry"],"_links":{"self":[{"href":"https:\/\/www.gnhrafsistemleri.com\/index.php\/wp-json\/wp\/v2\/pages\/6783","targetHints":{"allow":["GET"]}}],"collection":[{"href":"https:\/\/www.gnhrafsistemleri.com\/index.php\/wp-json\/wp\/v2\/pages"}],"about":[{"href":"https:\/\/www.gnhrafsistemleri.com\/index.php\/wp-json\/wp\/v2\/types\/page"}],"author":[{"embeddable":true,"href":"https:\/\/www.gnhrafsistemleri.com\/index.php\/wp-json\/wp\/v2\/users\/1"}],"replies":[{"embeddable":true,"href":"https:\/\/www.gnhrafsistemleri.com\/index.php\/wp-json\/wp\/v2\/comments?post=6783"}],"version-history":[{"count":10,"href":"https:\/\/www.gnhrafsistemleri.com\/index.php\/wp-json\/wp\/v2\/pages\/6783\/revisions"}],"predecessor-version":[{"id":6950,"href":"https:\/\/www.gnhrafsistemleri.com\/index.php\/wp-json\/wp\/v2\/pages\/6783\/revisions\/6950"}],"up":[{"embeddable":true,"href":"https:\/\/www.gnhrafsistemleri.com\/index.php\/wp-json\/wp\/v2\/pages\/6779"}],"wp:attachment":[{"href":"https:\/\/www.gnhrafsistemleri.com\/index.php\/wp-json\/wp\/v2\/media?parent=6783"}],"curies":[{"name":"wp","href":"https:\/\/api.w.org\/{rel}","templated":true}]}}