{"id":6785,"date":"2023-07-19T18:26:24","date_gmt":"2023-07-19T15:26:24","guid":{"rendered":"https:\/\/gnhrafsistemleri.com\/?page_id=6785"},"modified":"2023-07-19T19:20:06","modified_gmt":"2023-07-19T16:20:06","slug":"soyunma-dolaplari","status":"publish","type":"page","link":"https:\/\/www.gnhrafsistemleri.com\/index.php\/urun-gruplari\/celik-dolaplar\/soyunma-dolaplari\/","title":{"rendered":"Soyunma Dolaplar\u0131"},"content":{"rendered":"\t\t<div data-elementor-type=\"wp-page\" data-elementor-id=\"6785\" class=\"elementor elementor-6785\">\n\t\t\t\t\t\t\t\t\t<section class=\"elementor-section elementor-top-section elementor-element elementor-element-ba3ebc2 elementor-section-boxed elementor-section-height-default elementor-section-height-default\" data-id=\"ba3ebc2\" data-element_type=\"section\">\n\t\t\t\t\t\t<div class=\"elementor-container elementor-column-gap-default\">\n\t\t\t\t\t<div class=\"elementor-column elementor-col-100 elementor-top-column elementor-element elementor-element-fa26e7e\" data-id=\"fa26e7e\" data-element_type=\"column\">\n\t\t\t<div class=\"elementor-widget-wrap elementor-element-populated\">\n\t\t\t\t\t\t\t\t<div class=\"elementor-element elementor-element-acb72e0 elementor-widget elementor-widget-text-editor\" data-id=\"acb72e0\" data-element_type=\"widget\" data-widget_type=\"text-editor.default\">\n\t\t\t\t<div class=\"elementor-widget-container\">\n\t\t\t<style>\/*! elementor - v3.14.0 - 26-06-2023 *\/\n.elementor-widget-text-editor.elementor-drop-cap-view-stacked .elementor-drop-cap{background-color:#69727d;color:#fff}.elementor-widget-text-editor.elementor-drop-cap-view-framed .elementor-drop-cap{color:#69727d;border:3px solid;background-color:transparent}.elementor-widget-text-editor:not(.elementor-drop-cap-view-default) .elementor-drop-cap{margin-top:8px}.elementor-widget-text-editor:not(.elementor-drop-cap-view-default) .elementor-drop-cap-letter{width:1em;height:1em}.elementor-widget-text-editor .elementor-drop-cap{float:left;text-align:center;line-height:1;font-size:50px}.elementor-widget-text-editor .elementor-drop-cap-letter{display:inline-block}<\/style>\t\t\t\t<p><strong><img loading=\"lazy\" decoding=\"async\" class=\"size-medium wp-image-6951 alignleft\" src=\"https:\/\/gnhrafsistemleri.com\/wp-content\/uploads\/2023\/07\/soyunmadolaplari-640x350-1-300x164.jpg\" alt=\"\" width=\"300\" height=\"164\" srcset=\"https:\/\/www.gnhrafsistemleri.com\/wp-content\/uploads\/2023\/07\/soyunmadolaplari-640x350-1-300x164.jpg 300w, https:\/\/www.gnhrafsistemleri.com\/wp-content\/uploads\/2023\/07\/soyunmadolaplari-640x350-1.jpg 640w\" sizes=\"auto, (max-width: 300px) 100vw, 300px\" \/>Soyunma Odas\u0131 Dolab\u0131<\/strong>, kompak ve \u015f\u0131k tasar\u0131m\u0131 ile soyunma odalar\u0131, b\u00fcrolar, okullar vb. her t\u00fcrl\u00fc ortama uygun dolaplard\u0131r.<\/p><p><strong>Soyunma Dolab\u0131,<\/strong>\u00a0panellerle b\u00fct\u00fcnle\u015fik \u00e7er\u00e7eveler, \u00f6zel birle\u015ftirme sistemi, ayakl\u0131 ve ayaks\u0131z alt b\u00f6l\u00fcm se\u00e7enekleriyle fonksiyonel kullan\u0131m sunmaktad\u0131r.<\/p><p><strong>Soyunma Dolab\u0131,<\/strong>\u00a0bile\u015fenlerin her biri ola\u011fan\u00fcst\u00fc bir sa\u011flaml\u0131k sunmak \u00fczere tasarlanmakta, uzun s\u00fcreli dayan\u0131kl\u0131l\u0131\u011fa ve dirence sahip olmas\u0131 amac\u0131yla y\u00fcksek kalitede so\u011fuk sac demirden imal edilmektedir.<\/p><p><strong>Teknik \u00d6zellikler<\/strong><\/p><p>\u2013 G\u00f6vdeler ve raflar 0,80 mm DKP sacdan mamuld\u00fcr.<br \/>\u2013 Rafl\u0131, gizli mente\u015feli, ask\u0131l\u0131kl\u0131, kilit ve kulplar\u0131 bulunmaktad\u0131r.<br \/>\u2013 Kapak \u00fczerinde patlatmal\u0131 hava menfezi mevcuttur.<br \/>\u2013 B\u00fct\u00fcn y\u00fczeyler 40 mikron elektrostatik toz f\u0131r\u0131n boya.<\/p><p>\u2013\u00a0\u0130stenilen renk ve ebatta \u00fcretim yap\u0131labilmektedir.<\/p>\t\t\t\t\t\t<\/div>\n\t\t\t\t<\/div>\n\t\t\t\t\t<\/div>\n\t\t<\/div>\n\t\t\t\t\t\t\t<\/div>\n\t\t<\/section>\n\t\t\t\t<section class=\"elementor-section elementor-top-section elementor-element elementor-element-afa7abf elementor-section-boxed elementor-section-height-default elementor-section-height-default\" data-id=\"afa7abf\" data-element_type=\"section\">\n\t\t\t\t\t\t<div class=\"elementor-container elementor-column-gap-default\">\n\t\t\t\t\t<div class=\"elementor-column elementor-col-100 elementor-top-column elementor-element elementor-element-77a4ea6\" data-id=\"77a4ea6\" data-element_type=\"column\">\n\t\t\t<div class=\"elementor-widget-wrap elementor-element-populated\">\n\t\t\t\t\t\t\t\t<div class=\"elementor-element elementor-element-bc6b652 elementor-widget elementor-widget-image-gallery\" data-id=\"bc6b652\" data-element_type=\"widget\" data-widget_type=\"image-gallery.default\">\n\t\t\t\t<div class=\"elementor-widget-container\">\n\t\t\t<style>\/*! elementor - v3.14.0 - 26-06-2023 *\/\n.elementor-image-gallery .gallery-item{display:inline-block;text-align:center;vertical-align:top;width:100%;max-width:100%;margin:0 auto}.elementor-image-gallery .gallery-item img{margin:0 auto}.elementor-image-gallery .gallery-item .gallery-caption{margin:0}.elementor-image-gallery figure img{display:block}.elementor-image-gallery figure figcaption{width:100%}.gallery-spacing-custom .elementor-image-gallery .gallery-icon{padding:0}@media (min-width:768px){.elementor-image-gallery .gallery-columns-2 .gallery-item{max-width:50%}.elementor-image-gallery .gallery-columns-3 .gallery-item{max-width:33.33%}.elementor-image-gallery .gallery-columns-4 .gallery-item{max-width:25%}.elementor-image-gallery .gallery-columns-5 .gallery-item{max-width:20%}.elementor-image-gallery .gallery-columns-6 .gallery-item{max-width:16.666%}.elementor-image-gallery .gallery-columns-7 .gallery-item{max-width:14.28%}.elementor-image-gallery .gallery-columns-8 .gallery-item{max-width:12.5%}.elementor-image-gallery .gallery-columns-9 .gallery-item{max-width:11.11%}.elementor-image-gallery .gallery-columns-10 .gallery-item{max-width:10%}}@media (min-width:480px) and (max-width:767px){.elementor-image-gallery .gallery.gallery-columns-2 .gallery-item,.elementor-image-gallery .gallery.gallery-columns-3 .gallery-item,.elementor-image-gallery .gallery.gallery-columns-4 .gallery-item,.elementor-image-gallery .gallery.gallery-columns-5 .gallery-item,.elementor-image-gallery .gallery.gallery-columns-6 .gallery-item,.elementor-image-gallery .gallery.gallery-columns-7 .gallery-item,.elementor-image-gallery .gallery.gallery-columns-8 .gallery-item,.elementor-image-gallery .gallery.gallery-columns-9 .gallery-item,.elementor-image-gallery .gallery.gallery-columns-10 .gallery-item{max-width:50%}}@media (max-width:479px){.elementor-image-gallery .gallery.gallery-columns-2 .gallery-item,.elementor-image-gallery .gallery.gallery-columns-3 .gallery-item,.elementor-image-gallery .gallery.gallery-columns-4 .gallery-item,.elementor-image-gallery .gallery.gallery-columns-5 .gallery-item,.elementor-image-gallery .gallery.gallery-columns-6 .gallery-item,.elementor-image-gallery .gallery.gallery-columns-7 .gallery-item,.elementor-image-gallery .gallery.gallery-columns-8 .gallery-item,.elementor-image-gallery .gallery.gallery-columns-9 .gallery-item,.elementor-image-gallery .gallery.gallery-columns-10 .gallery-item{max-width:100%}}<\/style>\t\t<div class=\"elementor-image-gallery\">\n\t\t\t\n\t\t<style type=\"text\/css\">\n\t\t\t#gallery-1 {\n\t\t\t\tmargin: auto;\n\t\t\t}\n\t\t\t#gallery-1 .gallery-item {\n\t\t\t\tfloat: left;\n\t\t\t\tmargin-top: 10px;\n\t\t\t\ttext-align: center;\n\t\t\t\twidth: 25%;\n\t\t\t}\n\t\t\t#gallery-1 img {\n\t\t\t\tborder: 2px solid #cfcfcf;\n\t\t\t}\n\t\t\t#gallery-1 .gallery-caption {\n\t\t\t\tmargin-left: 0;\n\t\t\t}\n\t\t\t\/* see gallery_shortcode() in wp-includes\/media.php *\/\n\t\t<\/style>\n\t\t<div id='gallery-1' class='gallery galleryid-6785 gallery-columns-4 gallery-size-thumbnail'><dl class='gallery-item'>\n\t\t\t<dt class='gallery-icon landscape'>\n\t\t\t\t<a data-elementor-open-lightbox=\"yes\" data-elementor-lightbox-slideshow=\"bc6b652\" data-elementor-lightbox-title=\"cd-sd2\" data-e-action-hash=\"#elementor-action%3Aaction%3Dlightbox%26settings%3DeyJpZCI6Njk2NiwidXJsIjoiaHR0cHM6XC9cL3d3dy5nbmhyYWZzaXN0ZW1sZXJpLmNvbVwvd3AtY29udGVudFwvdXBsb2Fkc1wvMjAyM1wvMDdcL2NkLXNkMi5qcGciLCJzbGlkZXNob3ciOiJiYzZiNjUyIn0%3D\" href='https:\/\/www.gnhrafsistemleri.com\/wp-content\/uploads\/2023\/07\/cd-sd2.jpg'><img loading=\"lazy\" decoding=\"async\" width=\"150\" height=\"150\" src=\"https:\/\/www.gnhrafsistemleri.com\/wp-content\/uploads\/2023\/07\/cd-sd2-150x150.jpg\" class=\"attachment-thumbnail size-thumbnail\" alt=\"\" aria-describedby=\"gallery-1-6966\" srcset=\"https:\/\/www.gnhrafsistemleri.com\/wp-content\/uploads\/2023\/07\/cd-sd2-150x150.jpg 150w, https:\/\/www.gnhrafsistemleri.com\/wp-content\/uploads\/2023\/07\/cd-sd2-300x300.jpg 300w, https:\/\/www.gnhrafsistemleri.com\/wp-content\/uploads\/2023\/07\/cd-sd2.jpg 544w\" sizes=\"auto, (max-width: 150px) 100vw, 150px\" \/><\/a>\n\t\t\t<\/dt>\n\t\t\t\t<dd class='wp-caption-text gallery-caption' id='gallery-1-6966'>\n\t\t\t\tCD SD1\n\t\t\t\t<\/dd><\/dl><dl class='gallery-item'>\n\t\t\t<dt class='gallery-icon landscape'>\n\t\t\t\t<a data-elementor-open-lightbox=\"yes\" data-elementor-lightbox-slideshow=\"bc6b652\" data-elementor-lightbox-title=\"cd-sd4\" data-e-action-hash=\"#elementor-action%3Aaction%3Dlightbox%26settings%3DeyJpZCI6Njk2NSwidXJsIjoiaHR0cHM6XC9cL3d3dy5nbmhyYWZzaXN0ZW1sZXJpLmNvbVwvd3AtY29udGVudFwvdXBsb2Fkc1wvMjAyM1wvMDdcL2NkLXNkNC5qcGciLCJzbGlkZXNob3ciOiJiYzZiNjUyIn0%3D\" href='https:\/\/www.gnhrafsistemleri.com\/wp-content\/uploads\/2023\/07\/cd-sd4.jpg'><img loading=\"lazy\" decoding=\"async\" width=\"150\" height=\"150\" src=\"https:\/\/www.gnhrafsistemleri.com\/wp-content\/uploads\/2023\/07\/cd-sd4-150x150.jpg\" class=\"attachment-thumbnail size-thumbnail\" alt=\"\" aria-describedby=\"gallery-1-6965\" srcset=\"https:\/\/www.gnhrafsistemleri.com\/wp-content\/uploads\/2023\/07\/cd-sd4-150x150.jpg 150w, https:\/\/www.gnhrafsistemleri.com\/wp-content\/uploads\/2023\/07\/cd-sd4-300x300.jpg 300w, https:\/\/www.gnhrafsistemleri.com\/wp-content\/uploads\/2023\/07\/cd-sd4.jpg 544w\" sizes=\"auto, (max-width: 150px) 100vw, 150px\" \/><\/a>\n\t\t\t<\/dt>\n\t\t\t\t<dd class='wp-caption-text gallery-caption' id='gallery-1-6965'>\n\t\t\t\tCD SD2\n\t\t\t\t<\/dd><\/dl><dl class='gallery-item'>\n\t\t\t<dt class='gallery-icon landscape'>\n\t\t\t\t<a data-elementor-open-lightbox=\"yes\" data-elementor-lightbox-slideshow=\"bc6b652\" data-elementor-lightbox-title=\"cd-sd6\" data-e-action-hash=\"#elementor-action%3Aaction%3Dlightbox%26settings%3DeyJpZCI6Njk2NCwidXJsIjoiaHR0cHM6XC9cL3d3dy5nbmhyYWZzaXN0ZW1sZXJpLmNvbVwvd3AtY29udGVudFwvdXBsb2Fkc1wvMjAyM1wvMDdcL2NkLXNkNi5qcGciLCJzbGlkZXNob3ciOiJiYzZiNjUyIn0%3D\" href='https:\/\/www.gnhrafsistemleri.com\/wp-content\/uploads\/2023\/07\/cd-sd6.jpg'><img loading=\"lazy\" decoding=\"async\" width=\"150\" height=\"150\" src=\"https:\/\/www.gnhrafsistemleri.com\/wp-content\/uploads\/2023\/07\/cd-sd6-150x150.jpg\" class=\"attachment-thumbnail size-thumbnail\" alt=\"\" aria-describedby=\"gallery-1-6964\" srcset=\"https:\/\/www.gnhrafsistemleri.com\/wp-content\/uploads\/2023\/07\/cd-sd6-150x150.jpg 150w, https:\/\/www.gnhrafsistemleri.com\/wp-content\/uploads\/2023\/07\/cd-sd6-300x300.jpg 300w, https:\/\/www.gnhrafsistemleri.com\/wp-content\/uploads\/2023\/07\/cd-sd6.jpg 544w\" sizes=\"auto, (max-width: 150px) 100vw, 150px\" \/><\/a>\n\t\t\t<\/dt>\n\t\t\t\t<dd class='wp-caption-text gallery-caption' id='gallery-1-6964'>\n\t\t\t\tCD SD3\n\t\t\t\t<\/dd><\/dl><dl class='gallery-item'>\n\t\t\t<dt class='gallery-icon landscape'>\n\t\t\t\t<a data-elementor-open-lightbox=\"yes\" data-elementor-lightbox-slideshow=\"bc6b652\" data-elementor-lightbox-title=\"cd-sd9\" data-e-action-hash=\"#elementor-action%3Aaction%3Dlightbox%26settings%3DeyJpZCI6Njk2MywidXJsIjoiaHR0cHM6XC9cL3d3dy5nbmhyYWZzaXN0ZW1sZXJpLmNvbVwvd3AtY29udGVudFwvdXBsb2Fkc1wvMjAyM1wvMDdcL2NkLXNkOS5qcGciLCJzbGlkZXNob3ciOiJiYzZiNjUyIn0%3D\" href='https:\/\/www.gnhrafsistemleri.com\/wp-content\/uploads\/2023\/07\/cd-sd9.jpg'><img loading=\"lazy\" decoding=\"async\" width=\"150\" height=\"150\" src=\"https:\/\/www.gnhrafsistemleri.com\/wp-content\/uploads\/2023\/07\/cd-sd9-150x150.jpg\" class=\"attachment-thumbnail size-thumbnail\" alt=\"\" aria-describedby=\"gallery-1-6963\" srcset=\"https:\/\/www.gnhrafsistemleri.com\/wp-content\/uploads\/2023\/07\/cd-sd9-150x150.jpg 150w, https:\/\/www.gnhrafsistemleri.com\/wp-content\/uploads\/2023\/07\/cd-sd9-300x300.jpg 300w, https:\/\/www.gnhrafsistemleri.com\/wp-content\/uploads\/2023\/07\/cd-sd9.jpg 544w\" sizes=\"auto, (max-width: 150px) 100vw, 150px\" \/><\/a>\n\t\t\t<\/dt>\n\t\t\t\t<dd class='wp-caption-text gallery-caption' id='gallery-1-6963'>\n\t\t\t\tCD SD4\n\t\t\t\t<\/dd><\/dl><br style=\"clear: both\" \/><dl class='gallery-item'>\n\t\t\t<dt class='gallery-icon portrait'>\n\t\t\t\t<a data-elementor-open-lightbox=\"yes\" data-elementor-lightbox-slideshow=\"bc6b652\" data-elementor-lightbox-title=\"cd-sd11\" data-e-action-hash=\"#elementor-action%3Aaction%3Dlightbox%26settings%3DeyJpZCI6Njk2MiwidXJsIjoiaHR0cHM6XC9cL3d3dy5nbmhyYWZzaXN0ZW1sZXJpLmNvbVwvd3AtY29udGVudFwvdXBsb2Fkc1wvMjAyM1wvMDdcL2NkLXNkMTEuanBnIiwic2xpZGVzaG93IjoiYmM2YjY1MiJ9\" href='https:\/\/www.gnhrafsistemleri.com\/wp-content\/uploads\/2023\/07\/cd-sd11.jpg'><img loading=\"lazy\" decoding=\"async\" width=\"150\" height=\"150\" src=\"https:\/\/www.gnhrafsistemleri.com\/wp-content\/uploads\/2023\/07\/cd-sd11-150x150.jpg\" class=\"attachment-thumbnail size-thumbnail\" alt=\"\" aria-describedby=\"gallery-1-6962\" \/><\/a>\n\t\t\t<\/dt>\n\t\t\t\t<dd class='wp-caption-text gallery-caption' id='gallery-1-6962'>\n\t\t\t\tCD SD5\n\t\t\t\t<\/dd><\/dl><dl class='gallery-item'>\n\t\t\t<dt class='gallery-icon portrait'>\n\t\t\t\t<a data-elementor-open-lightbox=\"yes\" data-elementor-lightbox-slideshow=\"bc6b652\" data-elementor-lightbox-title=\"soyunma-dolab\u0131-alt\u0131l\u0131\" data-e-action-hash=\"#elementor-action%3Aaction%3Dlightbox%26settings%3DeyJpZCI6Njk2MSwidXJsIjoiaHR0cHM6XC9cL3d3dy5nbmhyYWZzaXN0ZW1sZXJpLmNvbVwvd3AtY29udGVudFwvdXBsb2Fkc1wvMjAyM1wvMDdcL3NveXVubWEtZG9sYWJpLWFsdGlsaS5qcGciLCJzbGlkZXNob3ciOiJiYzZiNjUyIn0%3D\" href='https:\/\/www.gnhrafsistemleri.com\/wp-content\/uploads\/2023\/07\/soyunma-dolabi-altili.jpg'><img loading=\"lazy\" decoding=\"async\" width=\"150\" height=\"150\" src=\"https:\/\/www.gnhrafsistemleri.com\/wp-content\/uploads\/2023\/07\/soyunma-dolabi-altili-150x150.jpg\" class=\"attachment-thumbnail size-thumbnail\" alt=\"\" aria-describedby=\"gallery-1-6961\" \/><\/a>\n\t\t\t<\/dt>\n\t\t\t\t<dd class='wp-caption-text gallery-caption' id='gallery-1-6961'>\n\t\t\t\tCD SD6\n\t\t\t\t<\/dd><\/dl><dl class='gallery-item'>\n\t\t\t<dt class='gallery-icon portrait'>\n\t\t\t\t<a data-elementor-open-lightbox=\"yes\" data-elementor-lightbox-slideshow=\"bc6b652\" data-elementor-lightbox-title=\"soyunma-dolab\u0131-alt\u0131l\u01311\" data-e-action-hash=\"#elementor-action%3Aaction%3Dlightbox%26settings%3DeyJpZCI6Njk2MCwidXJsIjoiaHR0cHM6XC9cL3d3dy5nbmhyYWZzaXN0ZW1sZXJpLmNvbVwvd3AtY29udGVudFwvdXBsb2Fkc1wvMjAyM1wvMDdcL3NveXVubWEtZG9sYWJpLWFsdGlsaTEuanBnIiwic2xpZGVzaG93IjoiYmM2YjY1MiJ9\" href='https:\/\/www.gnhrafsistemleri.com\/wp-content\/uploads\/2023\/07\/soyunma-dolabi-altili1.jpg'><img loading=\"lazy\" decoding=\"async\" width=\"150\" height=\"150\" src=\"https:\/\/www.gnhrafsistemleri.com\/wp-content\/uploads\/2023\/07\/soyunma-dolabi-altili1-150x150.jpg\" class=\"attachment-thumbnail size-thumbnail\" alt=\"\" aria-describedby=\"gallery-1-6960\" \/><\/a>\n\t\t\t<\/dt>\n\t\t\t\t<dd class='wp-caption-text gallery-caption' id='gallery-1-6960'>\n\t\t\t\tCD SD7\n\t\t\t\t<\/dd><\/dl><dl class='gallery-item'>\n\t\t\t<dt class='gallery-icon portrait'>\n\t\t\t\t<a data-elementor-open-lightbox=\"yes\" data-elementor-lightbox-slideshow=\"bc6b652\" data-elementor-lightbox-title=\"soyunma-dolab\u0131-bankl\u0131-\u00fc\u00e7l\u00fc\" data-e-action-hash=\"#elementor-action%3Aaction%3Dlightbox%26settings%3DeyJpZCI6Njk1OSwidXJsIjoiaHR0cHM6XC9cL3d3dy5nbmhyYWZzaXN0ZW1sZXJpLmNvbVwvd3AtY29udGVudFwvdXBsb2Fkc1wvMjAyM1wvMDdcL3NveXVubWEtZG9sYWJpLWJhbmtsaS11Y2x1LmpwZyIsInNsaWRlc2hvdyI6ImJjNmI2NTIifQ%3D%3D\" href='https:\/\/www.gnhrafsistemleri.com\/wp-content\/uploads\/2023\/07\/soyunma-dolabi-bankli-uclu.jpg'><img loading=\"lazy\" decoding=\"async\" width=\"150\" height=\"150\" src=\"https:\/\/www.gnhrafsistemleri.com\/wp-content\/uploads\/2023\/07\/soyunma-dolabi-bankli-uclu-150x150.jpg\" class=\"attachment-thumbnail size-thumbnail\" alt=\"\" aria-describedby=\"gallery-1-6959\" \/><\/a>\n\t\t\t<\/dt>\n\t\t\t\t<dd class='wp-caption-text gallery-caption' id='gallery-1-6959'>\n\t\t\t\tCD SD8\n\t\t\t\t<\/dd><\/dl><br style=\"clear: both\" \/><dl class='gallery-item'>\n\t\t\t<dt class='gallery-icon portrait'>\n\t\t\t\t<a data-elementor-open-lightbox=\"yes\" data-elementor-lightbox-slideshow=\"bc6b652\" data-elementor-lightbox-title=\"soyunma-dolab\u0131-d\u00f6rtl\u00fc\" data-e-action-hash=\"#elementor-action%3Aaction%3Dlightbox%26settings%3DeyJpZCI6Njk1OCwidXJsIjoiaHR0cHM6XC9cL3d3dy5nbmhyYWZzaXN0ZW1sZXJpLmNvbVwvd3AtY29udGVudFwvdXBsb2Fkc1wvMjAyM1wvMDdcL3NveXVubWEtZG9sYWJpLWRvcnRsdS5qcGciLCJzbGlkZXNob3ciOiJiYzZiNjUyIn0%3D\" href='https:\/\/www.gnhrafsistemleri.com\/wp-content\/uploads\/2023\/07\/soyunma-dolabi-dortlu.jpg'><img loading=\"lazy\" decoding=\"async\" width=\"150\" height=\"150\" src=\"https:\/\/www.gnhrafsistemleri.com\/wp-content\/uploads\/2023\/07\/soyunma-dolabi-dortlu-150x150.jpg\" class=\"attachment-thumbnail size-thumbnail\" alt=\"\" aria-describedby=\"gallery-1-6958\" \/><\/a>\n\t\t\t<\/dt>\n\t\t\t\t<dd class='wp-caption-text gallery-caption' id='gallery-1-6958'>\n\t\t\t\tCD SD9\n\t\t\t\t<\/dd><\/dl><dl class='gallery-item'>\n\t\t\t<dt class='gallery-icon portrait'>\n\t\t\t\t<a data-elementor-open-lightbox=\"yes\" data-elementor-lightbox-slideshow=\"bc6b652\" data-elementor-lightbox-title=\"soyunma-dolab\u0131-ikili\" data-e-action-hash=\"#elementor-action%3Aaction%3Dlightbox%26settings%3DeyJpZCI6Njk1NywidXJsIjoiaHR0cHM6XC9cL3d3dy5nbmhyYWZzaXN0ZW1sZXJpLmNvbVwvd3AtY29udGVudFwvdXBsb2Fkc1wvMjAyM1wvMDdcL3NveXVubWEtZG9sYWJpLWlraWxpLmpwZyIsInNsaWRlc2hvdyI6ImJjNmI2NTIifQ%3D%3D\" href='https:\/\/www.gnhrafsistemleri.com\/wp-content\/uploads\/2023\/07\/soyunma-dolabi-ikili.jpg'><img loading=\"lazy\" decoding=\"async\" width=\"150\" height=\"150\" src=\"https:\/\/www.gnhrafsistemleri.com\/wp-content\/uploads\/2023\/07\/soyunma-dolabi-ikili-150x150.jpg\" class=\"attachment-thumbnail size-thumbnail\" alt=\"\" aria-describedby=\"gallery-1-6957\" \/><\/a>\n\t\t\t<\/dt>\n\t\t\t\t<dd class='wp-caption-text gallery-caption' id='gallery-1-6957'>\n\t\t\t\tCD SD10\n\t\t\t\t<\/dd><\/dl><dl class='gallery-item'>\n\t\t\t<dt class='gallery-icon portrait'>\n\t\t\t\t<a data-elementor-open-lightbox=\"yes\" data-elementor-lightbox-slideshow=\"bc6b652\" data-elementor-lightbox-title=\"soyunma-dolab\u0131-ikili1\" data-e-action-hash=\"#elementor-action%3Aaction%3Dlightbox%26settings%3DeyJpZCI6Njk1NiwidXJsIjoiaHR0cHM6XC9cL3d3dy5nbmhyYWZzaXN0ZW1sZXJpLmNvbVwvd3AtY29udGVudFwvdXBsb2Fkc1wvMjAyM1wvMDdcL3NveXVubWEtZG9sYWJpLWlraWxpMS5qcGciLCJzbGlkZXNob3ciOiJiYzZiNjUyIn0%3D\" href='https:\/\/www.gnhrafsistemleri.com\/wp-content\/uploads\/2023\/07\/soyunma-dolabi-ikili1.jpg'><img loading=\"lazy\" decoding=\"async\" width=\"150\" height=\"150\" src=\"https:\/\/www.gnhrafsistemleri.com\/wp-content\/uploads\/2023\/07\/soyunma-dolabi-ikili1-150x150.jpg\" class=\"attachment-thumbnail size-thumbnail\" alt=\"\" aria-describedby=\"gallery-1-6956\" \/><\/a>\n\t\t\t<\/dt>\n\t\t\t\t<dd class='wp-caption-text gallery-caption' id='gallery-1-6956'>\n\t\t\t\tCD SD11\n\t\t\t\t<\/dd><\/dl><dl class='gallery-item'>\n\t\t\t<dt class='gallery-icon portrait'>\n\t\t\t\t<a data-elementor-open-lightbox=\"yes\" data-elementor-lightbox-slideshow=\"bc6b652\" data-elementor-lightbox-title=\"soyunma-dolab\u0131-tekli\" data-e-action-hash=\"#elementor-action%3Aaction%3Dlightbox%26settings%3DeyJpZCI6Njk1NSwidXJsIjoiaHR0cHM6XC9cL3d3dy5nbmhyYWZzaXN0ZW1sZXJpLmNvbVwvd3AtY29udGVudFwvdXBsb2Fkc1wvMjAyM1wvMDdcL3NveXVubWEtZG9sYWJpLXRla2xpLmpwZyIsInNsaWRlc2hvdyI6ImJjNmI2NTIifQ%3D%3D\" href='https:\/\/www.gnhrafsistemleri.com\/wp-content\/uploads\/2023\/07\/soyunma-dolabi-tekli.jpg'><img loading=\"lazy\" decoding=\"async\" width=\"150\" height=\"150\" src=\"https:\/\/www.gnhrafsistemleri.com\/wp-content\/uploads\/2023\/07\/soyunma-dolabi-tekli-150x150.jpg\" class=\"attachment-thumbnail size-thumbnail\" alt=\"\" aria-describedby=\"gallery-1-6955\" \/><\/a>\n\t\t\t<\/dt>\n\t\t\t\t<dd class='wp-caption-text gallery-caption' id='gallery-1-6955'>\n\t\t\t\tCD SD12\n\t\t\t\t<\/dd><\/dl><br style=\"clear: both\" \/>\n\t\t<\/div>\n\t\t<\/div>\n\t\t\t\t<\/div>\n\t\t\t\t<\/div>\n\t\t\t\t\t<\/div>\n\t\t<\/div>\n\t\t\t\t\t\t\t<\/div>\n\t\t<\/section>\n\t\t\t\t\t\t\t<\/div>\n\t\t","protected":false},"excerpt":{"rendered":"<p>Soyunma Odas\u0131 Dolab\u0131, kompak ve \u015f\u0131k tasar\u0131m\u0131 ile soyunma odalar\u0131, b\u00fcrolar, okullar vb. her t\u00fcrl\u00fc ortama uygun dolaplard\u0131r. Soyunma Dolab\u0131,\u00a0panellerle b\u00fct\u00fcnle\u015fik \u00e7er\u00e7eveler, \u00f6zel birle\u015ftirme sistemi, ayakl\u0131 ve ayaks\u0131z alt b\u00f6l\u00fcm se\u00e7enekleriyle fonksiyonel kullan\u0131m sunmaktad\u0131r. Soyunma Dolab\u0131,\u00a0bile\u015fenlerin her biri ola\u011fan\u00fcst\u00fc bir sa\u011flaml\u0131k sunmak \u00fczere tasarlanmakta, uzun s\u00fcreli dayan\u0131kl\u0131l\u0131\u011fa ve dirence sahip olmas\u0131 amac\u0131yla y\u00fcksek kalitede so\u011fuk [&hellip;]<\/p>\n","protected":false},"author":1,"featured_media":0,"parent":6779,"menu_order":0,"comment_status":"closed","ping_status":"closed","template":"","meta":{"footnotes":""},"class_list":["post-6785","page","type-page","status-publish","hentry"],"_links":{"self":[{"href":"https:\/\/www.gnhrafsistemleri.com\/index.php\/wp-json\/wp\/v2\/pages\/6785","targetHints":{"allow":["GET"]}}],"collection":[{"href":"https:\/\/www.gnhrafsistemleri.com\/index.php\/wp-json\/wp\/v2\/pages"}],"about":[{"href":"https:\/\/www.gnhrafsistemleri.com\/index.php\/wp-json\/wp\/v2\/types\/page"}],"author":[{"embeddable":true,"href":"https:\/\/www.gnhrafsistemleri.com\/index.php\/wp-json\/wp\/v2\/users\/1"}],"replies":[{"embeddable":true,"href":"https:\/\/www.gnhrafsistemleri.com\/index.php\/wp-json\/wp\/v2\/comments?post=6785"}],"version-history":[{"count":7,"href":"https:\/\/www.gnhrafsistemleri.com\/index.php\/wp-json\/wp\/v2\/pages\/6785\/revisions"}],"predecessor-version":[{"id":6970,"href":"https:\/\/www.gnhrafsistemleri.com\/index.php\/wp-json\/wp\/v2\/pages\/6785\/revisions\/6970"}],"up":[{"embeddable":true,"href":"https:\/\/www.gnhrafsistemleri.com\/index.php\/wp-json\/wp\/v2\/pages\/6779"}],"wp:attachment":[{"href":"https:\/\/www.gnhrafsistemleri.com\/index.php\/wp-json\/wp\/v2\/media?parent=6785"}],"curies":[{"name":"wp","href":"https:\/\/api.w.org\/{rel}","templated":true}]}}